{"id":8779,"date":"2022-03-10T15:38:45","date_gmt":"2022-03-10T12:38:45","guid":{"rendered":"http:\/\/www.sistemal.com\/de\/?page_id=8779"},"modified":"2025-11-27T17:34:38","modified_gmt":"2025-11-27T14:34:38","slug":"unsere-produkte","status":"publish","type":"page","link":"https:\/\/www.sistemal.com\/de\/unsere-produkte\/","title":{"rendered":"Unsere Produkte"},"content":{"rendered":"<section class=\"l-section wpb_row height_medium\"><div class=\"l-section-h i-cf\"><div class=\"g-cols vc_row via_flex valign_top type_default stacking_default\"><div class=\"vc_col-sm-12 wpb_column vc_column_container\"><div class=\"vc_column-inner\"><div class=\"wpb_wrapper\"><div class=\"g-cols wpb_row via_flex valign_top type_default stacking_default\"><div class=\"vc_col-sm-2 wpb_column vc_column_container\"><div class=\"vc_column-inner\"><div class=\"wpb_wrapper\"><\/div><\/div><\/div><div class=\"vc_col-sm-8 wpb_column vc_column_container\"><div class=\"vc_column-inner\"><div class=\"wpb_wrapper\"><div class=\"wpb_text_column us_custom_49f317a8\"><div class=\"wpb_wrapper\"><p style=\"text-align: center;\">F\u00fcr spezielle Forminformationen zu dem von Ihnen ausgew\u00e4hlten Profil und f\u00fcr ma\u00dfgeschneiderte, auf Sie abgestimmte L\u00f6sungen kontaktieren Sie bitte <a href=\"https:\/\/www.sistemal.com\/de\/kontakt\/\"><strong>unser Verkaufsteam<\/strong><\/a>.<\/p>\n<\/div><\/div><\/div><\/div><\/div><div class=\"vc_col-sm-2 wpb_column vc_column_container\"><div class=\"vc_column-inner\"><div class=\"wpb_wrapper\"><\/div><\/div><\/div><\/div><div class=\"w-separator size_medium\"><\/div><div class=\"g-cols wpb_row via_flex valign_top type_default stacking_default\"><div class=\"vc_col-sm-3 wpb_column vc_column_container\"><div class=\"vc_column-inner\"><div class=\"wpb_wrapper\"><div class=\"w-ibanner us_custom_f7f0e898 animation_hebe ratio_3x2 easing_ease\"><div class=\"w-ibanner-h\"><div class=\"w-ibanner-image\" style=\"background-image: url(https:\/\/www.sistemal.com\/de\/wp-content\/uploads\/2024\/11\/aluminium-extrusionsprofile-1.jpg)\"><\/div><div class=\"w-ibanner-content\"><div class=\"w-ibanner-content-h\"><h2 class=\"w-ibanner-title\"><\/h2><div class=\"w-ibanner-desc\"><\/div><\/div><\/div><\/div><a href=\"http:\/\/sistemal.com\/de\/produktkategorien\/aluminiumprofile\/\" aria-label><\/a><\/div><\/div><\/div><\/div><div class=\"vc_col-sm-3 wpb_column vc_column_container\"><div class=\"vc_column-inner\"><div class=\"wpb_wrapper\"><div class=\"w-ibanner us_custom_f7f0e898 animation_hebe ratio_3x2 easing_ease\"><div class=\"w-ibanner-h\"><div class=\"w-ibanner-image\" style=\"background-image: url(https:\/\/www.sistemal.com\/de\/wp-content\/uploads\/2024\/11\/aluminium-extrusionsprofile-1.jpg)\"><\/div><div class=\"w-ibanner-content\"><div class=\"w-ibanner-content-h\"><h2 class=\"w-ibanner-title\"><\/h2><div class=\"w-ibanner-desc\"><\/div><\/div><\/div><\/div><a href=\"http:\/\/sistemal.com\/de\/produktkategorien\/produkte-fur-architektonische-systeme\/\" aria-label><\/a><\/div><\/div><\/div><\/div><div class=\"vc_col-sm-3 wpb_column vc_column_container\"><div class=\"vc_column-inner\"><div class=\"wpb_wrapper\"><div class=\"w-ibanner us_custom_f7f0e898 animation_hebe ratio_3x2 easing_ease\"><div class=\"w-ibanner-h\"><div class=\"w-ibanner-image\" style=\"background-image: url(https:\/\/www.sistemal.com\/de\/wp-content\/uploads\/2024\/11\/aluminium-verbundplatten.jpg)\"><\/div><div class=\"w-ibanner-content\"><div class=\"w-ibanner-content-h\"><h2 class=\"w-ibanner-title\"><\/h2><div class=\"w-ibanner-desc\"><\/div><\/div><\/div><\/div><a href=\"http:\/\/sistemal.com\/de\/unsere_produkte\/aluminium-verbundplatte\/\" aria-label><\/a><\/div><\/div><\/div><\/div><div class=\"vc_col-sm-3 wpb_column vc_column_container\"><div class=\"vc_column-inner\"><div class=\"wpb_wrapper\"><div class=\"w-ibanner us_custom_f7f0e898 animation_hebe ratio_3x2 easing_ease\"><div class=\"w-ibanner-h\"><div class=\"w-ibanner-image\" style=\"background-image: url(https:\/\/www.sistemal.com\/de\/wp-content\/uploads\/2025\/03\/aluminium-schmiedeanlage-kpk.jpg)\"><\/div><div class=\"w-ibanner-content\"><div class=\"w-ibanner-content-h\"><h2 class=\"w-ibanner-title\"><\/h2><div class=\"w-ibanner-desc\"><\/div><\/div><\/div><\/div><a href=\"https:\/\/www.sistemal.com\/de\/produktion\/aluminium-schmiedeanlage\/\" aria-label><\/a><\/div><\/div><\/div><\/div><\/div><\/div><\/div><\/div><\/div><\/div><\/section>\n","protected":false},"excerpt":{"rendered":"F\u00fcr spezielle Forminformationen zu dem von Ihnen ausgew\u00e4hlten Profil und f\u00fcr ma\u00dfgeschneiderte, auf Sie abgestimmte L\u00f6sungen kontaktieren Sie bitte unser Verkaufsteam.","protected":false},"author":1,"featured_media":0,"parent":0,"menu_order":0,"comment_status":"closed","ping_status":"closed","template":"","meta":{"_acf_changed":false,"footnotes":""},"class_list":["post-8779","page","type-page","status-publish","hentry"],"acf":[],"yoast_head":"<!-- This site is optimized with the Yoast SEO plugin v20.5 - https:\/\/yoast.com\/wordpress\/plugins\/seo\/ -->\n<title>Unsere Produkte - Sistem Aluminium<\/title>\n<meta name=\"robots\" content=\"index, follow, max-snippet:-1, max-image-preview:large, max-video-preview:-1\" \/>\n<link rel=\"canonical\" href=\"https:\/\/www.sistemal.com\/de\/unsere-produkte\/\" \/>\n<meta property=\"og:locale\" content=\"de_DE\" \/>\n<meta property=\"og:type\" content=\"article\" \/>\n<meta property=\"og:title\" content=\"Unsere Produkte - Sistem Aluminium\" \/>\n<meta property=\"og:url\" content=\"https:\/\/www.sistemal.com\/de\/unsere-produkte\/\" \/>\n<meta property=\"og:site_name\" content=\"Sistem Aluminium\" \/>\n<meta property=\"article:modified_time\" content=\"2025-11-27T14:34:38+00:00\" \/>\n<meta name=\"twitter:card\" content=\"summary_large_image\" \/>\n<meta name=\"twitter:label1\" content=\"Gesch\u00e4tzte Lesezeit\" \/>\n\t<meta name=\"twitter:data1\" content=\"1\u00a0Minute\" \/>\n<script type=\"application\/ld+json\" class=\"yoast-schema-graph\">{\"@context\":\"https:\/\/schema.org\",\"@graph\":[{\"@type\":\"WebPage\",\"@id\":\"https:\/\/www.sistemal.com\/de\/unsere-produkte\/\",\"url\":\"https:\/\/www.sistemal.com\/de\/unsere-produkte\/\",\"name\":\"Unsere Produkte - Sistem Aluminium\",\"isPartOf\":{\"@id\":\"https:\/\/www.sistemal.com\/de\/#website\"},\"datePublished\":\"2022-03-10T12:38:45+00:00\",\"dateModified\":\"2025-11-27T14:34:38+00:00\",\"breadcrumb\":{\"@id\":\"https:\/\/www.sistemal.com\/de\/unsere-produkte\/#breadcrumb\"},\"inLanguage\":\"de\",\"potentialAction\":[{\"@type\":\"ReadAction\",\"target\":[\"https:\/\/www.sistemal.com\/de\/unsere-produkte\/\"]}]},{\"@type\":\"BreadcrumbList\",\"@id\":\"https:\/\/www.sistemal.com\/de\/unsere-produkte\/#breadcrumb\",\"itemListElement\":[{\"@type\":\"ListItem\",\"position\":1,\"name\":\"Startseite\",\"item\":\"https:\/\/www.sistemal.com\/de\/\"},{\"@type\":\"ListItem\",\"position\":2,\"name\":\"Unsere Produkte\"}]},{\"@type\":\"WebSite\",\"@id\":\"https:\/\/www.sistemal.com\/de\/#website\",\"url\":\"https:\/\/www.sistemal.com\/de\/\",\"name\":\"Sistem Aluminium\",\"description\":\"\",\"potentialAction\":[{\"@type\":\"SearchAction\",\"target\":{\"@type\":\"EntryPoint\",\"urlTemplate\":\"https:\/\/www.sistemal.com\/de\/?s={search_term_string}\"},\"query-input\":\"required name=search_term_string\"}],\"inLanguage\":\"de\"}]}<\/script>\n<!-- \/ Yoast SEO plugin. -->","yoast_head_json":{"title":"Unsere Produkte - Sistem Aluminium","robots":{"index":"index","follow":"follow","max-snippet":"max-snippet:-1","max-image-preview":"max-image-preview:large","max-video-preview":"max-video-preview:-1"},"canonical":"https:\/\/www.sistemal.com\/de\/unsere-produkte\/","og_locale":"de_DE","og_type":"article","og_title":"Unsere Produkte - Sistem Aluminium","og_url":"https:\/\/www.sistemal.com\/de\/unsere-produkte\/","og_site_name":"Sistem Aluminium","article_modified_time":"2025-11-27T14:34:38+00:00","twitter_card":"summary_large_image","twitter_misc":{"Gesch\u00e4tzte Lesezeit":"1\u00a0Minute"},"schema":{"@context":"https:\/\/schema.org","@graph":[{"@type":"WebPage","@id":"https:\/\/www.sistemal.com\/de\/unsere-produkte\/","url":"https:\/\/www.sistemal.com\/de\/unsere-produkte\/","name":"Unsere Produkte - Sistem Aluminium","isPartOf":{"@id":"https:\/\/www.sistemal.com\/de\/#website"},"datePublished":"2022-03-10T12:38:45+00:00","dateModified":"2025-11-27T14:34:38+00:00","breadcrumb":{"@id":"https:\/\/www.sistemal.com\/de\/unsere-produkte\/#breadcrumb"},"inLanguage":"de","potentialAction":[{"@type":"ReadAction","target":["https:\/\/www.sistemal.com\/de\/unsere-produkte\/"]}]},{"@type":"BreadcrumbList","@id":"https:\/\/www.sistemal.com\/de\/unsere-produkte\/#breadcrumb","itemListElement":[{"@type":"ListItem","position":1,"name":"Startseite","item":"https:\/\/www.sistemal.com\/de\/"},{"@type":"ListItem","position":2,"name":"Unsere Produkte"}]},{"@type":"WebSite","@id":"https:\/\/www.sistemal.com\/de\/#website","url":"https:\/\/www.sistemal.com\/de\/","name":"Sistem Aluminium","description":"","potentialAction":[{"@type":"SearchAction","target":{"@type":"EntryPoint","urlTemplate":"https:\/\/www.sistemal.com\/de\/?s={search_term_string}"},"query-input":"required name=search_term_string"}],"inLanguage":"de"}]}},"_links":{"self":[{"href":"https:\/\/www.sistemal.com\/de\/wp-json\/wp\/v2\/pages\/8779"}],"collection":[{"href":"https:\/\/www.sistemal.com\/de\/wp-json\/wp\/v2\/pages"}],"about":[{"href":"https:\/\/www.sistemal.com\/de\/wp-json\/wp\/v2\/types\/page"}],"author":[{"embeddable":true,"href":"https:\/\/www.sistemal.com\/de\/wp-json\/wp\/v2\/users\/1"}],"replies":[{"embeddable":true,"href":"https:\/\/www.sistemal.com\/de\/wp-json\/wp\/v2\/comments?post=8779"}],"version-history":[{"count":16,"href":"https:\/\/www.sistemal.com\/de\/wp-json\/wp\/v2\/pages\/8779\/revisions"}],"predecessor-version":[{"id":11435,"href":"https:\/\/www.sistemal.com\/de\/wp-json\/wp\/v2\/pages\/8779\/revisions\/11435"}],"wp:attachment":[{"href":"https:\/\/www.sistemal.com\/de\/wp-json\/wp\/v2\/media?parent=8779"}],"curies":[{"name":"wp","href":"https:\/\/api.w.org\/{rel}","templated":true}]}}