{"id":8165,"date":"2022-03-07T10:39:59","date_gmt":"2022-03-07T07:39:59","guid":{"rendered":"http:\/\/www.sistemal.com\/de\/?page_id=8165"},"modified":"2025-04-21T18:25:22","modified_gmt":"2025-04-21T15:25:22","slug":"veranstaltungen","status":"publish","type":"page","link":"https:\/\/www.sistemal.com\/de\/veranstaltungen\/","title":{"rendered":"Presseberichte"},"content":{"rendered":"<section class=\"l-section wpb_row height_auto\"><div class=\"l-section-h i-cf\"><div class=\"g-cols vc_row via_flex valign_top type_default stacking_default\"><div class=\"vc_col-sm-12 wpb_column vc_column_container\"><div class=\"vc_column-inner\"><div class=\"wpb_wrapper\"><div class=\"g-cols wpb_row via_flex valign_top type_default stacking_default\"><div class=\"vc_col-sm-12 wpb_column vc_column_container\"><div class=\"vc_column-inner\"><div class=\"wpb_wrapper\"><div class=\"w-grid type_grid layout_8170 cols_3 with_pagination overflow_hidden\" id=\"us_grid_1\" style=\"--gap:0.7rem;\" data-filterable=\"true\"><style>@media (max-width:1024px){#us_grid_1 .w-grid-item{width:50%}}@media (max-width:600px){#us_grid_1 .w-grid-list{margin:0}#us_grid_1 .w-grid-item{width:100%;padding:0;margin-bottom:var(--gap,0px)}}.layout_8170 .w-grid-item-h{background:var(--color-content-bg);color:var(--color-content-heading);border-radius:0.3rem;box-shadow:0 0.03rem 0.06rem rgba(0,0,0,0.1),0 0.1rem 0.3rem rgba(0,0,0,0.1);transition-duration:0.3s}.no-touch .layout_8170 .w-grid-item-h:hover{box-shadow:0 0.12rem 0.24rem rgba(0,0,0,0.1),0 0.4rem 1.2rem rgba(0,0,0,0.15);z-index:4}.layout_8170 .usg_vwrapper_1{padding:0.8rem 1.5rem 1.5rem 1.5rem!important}.layout_8170 .usg_hwrapper_1{margin-bottom:0.3rem!important}.layout_8170 .usg_post_taxonomy_1{font-size:11px!important;font-weight:600!important;text-transform:uppercase!important;margin-right:0.6rem!important}.layout_8170 .usg_post_date_1{color:var(--color-content-faded)!important;font-size:10px!important;margin-bottom:0.3rem!important}.layout_8170 .usg_post_title_1{color:inherit!important;font-weight:600!important;font-size:1rem!important}@media (max-width:600px){.layout_8170 .usg_post_title_1{font-size:1.2rem!important}}<\/style><div class=\"w-grid-list\">\t<article class=\"w-grid-item size_1x1 post-10912 post type-post status-publish format-video hentry category-neuigkeiten-und-ankundigungen category-videos post_format-post-format-video\" data-id=\"10912\">\r\n\t\t<div class=\"w-grid-item-h\">\r\n\t\t\t\t\t\t<div class=\"w-post-elm post_image usg_post_image_1 has_ratio media_preview\"><div class=\"w-video\"><div class=\"w-video-h\" style=\"padding-bottom:56.25%;\"><iframe loading=\"lazy\" title=\"Birlikte Ba\u015far\u0131larla Dolu 30 Y\u0131l! \ud83c\udfc6\" width=\"640\" height=\"360\" src=\"https:\/\/www.youtube.com\/embed\/Kur7JHEfiH4?feature=oembed\" frameborder=\"0\" allow=\"accelerometer; autoplay; clipboard-write; encrypted-media; gyroscope; picture-in-picture; web-share\" referrerpolicy=\"strict-origin-when-cross-origin\" allowfullscreen><\/iframe><\/div><\/div><\/div><div class=\"w-vwrapper usg_vwrapper_1 align_none valign_top\"><div class=\"w-hwrapper usg_hwrapper_1 align_none valign_top\"><div class=\"w-post-elm post_taxonomy usg_post_taxonomy_1 style_simple\"><a class=\"term-15 term-neuigkeiten-und-ankundigungen\" href=\"https:\/\/www.sistemal.com\/de\/kategorie\/neuigkeiten-und-ankundigungen\/\">Neuigkeiten und Ank\u00fcndigungen<\/a><b>, <\/b><a class=\"term-34 term-videos\" href=\"https:\/\/www.sistemal.com\/de\/kategorie\/videos\/\">Videos<\/a><\/div><time class=\"w-post-elm post_date usg_post_date_1 has_text_color entry-date published\" datetime=\"2024-12-31T11:04:02+03:00\"><i class=\"fas fa-calendar-alt\"><\/i>31 Dezember 2024<\/time><\/div><h2 class=\"w-post-elm post_title usg_post_title_1 has_text_color entry-title color_link_inherit\"><a href=\"https:\/\/www.sistemal.com\/de\/30-jahre-gemeinsamer-erfolg\/\">30 Jahre gemeinsamer Erfolg \ud83c\udfc6<\/a><\/h2><\/div>\t\t<\/div>\r\n\t\t\t<\/article>\r\n\t<article class=\"w-grid-item size_1x1 post-10636 post type-post status-publish format-video hentry category-neuigkeiten-und-ankundigungen category-videos post_format-post-format-video\" data-id=\"10636\">\r\n\t\t<div class=\"w-grid-item-h\">\r\n\t\t\t\t\t\t<div class=\"w-post-elm post_image usg_post_image_1 has_ratio media_preview\"><div class=\"w-video\"><div class=\"w-video-h\" style=\"padding-bottom:56.25%;\"><iframe loading=\"lazy\" title=\"Sistem Al\u00fcminyum 30. Y\u0131l Galas\u0131\" width=\"640\" height=\"360\" src=\"https:\/\/www.youtube.com\/embed\/JmfhXi-4Tb4?feature=oembed\" frameborder=\"0\" allow=\"accelerometer; autoplay; clipboard-write; encrypted-media; gyroscope; picture-in-picture; web-share\" referrerpolicy=\"strict-origin-when-cross-origin\" allowfullscreen><\/iframe><\/div><\/div><\/div><div class=\"w-vwrapper usg_vwrapper_1 align_none valign_top\"><div class=\"w-hwrapper usg_hwrapper_1 align_none valign_top\"><div class=\"w-post-elm post_taxonomy usg_post_taxonomy_1 style_simple\"><a class=\"term-15 term-neuigkeiten-und-ankundigungen\" href=\"https:\/\/www.sistemal.com\/de\/kategorie\/neuigkeiten-und-ankundigungen\/\">Neuigkeiten und Ank\u00fcndigungen<\/a><b>, <\/b><a class=\"term-34 term-videos\" href=\"https:\/\/www.sistemal.com\/de\/kategorie\/videos\/\">Videos<\/a><\/div><time class=\"w-post-elm post_date usg_post_date_1 has_text_color entry-date published\" datetime=\"2024-11-01T15:49:44+03:00\"><i class=\"fas fa-calendar-alt\"><\/i>1 November 2024<\/time><\/div><h2 class=\"w-post-elm post_title usg_post_title_1 has_text_color entry-title color_link_inherit\"><a href=\"https:\/\/www.sistemal.com\/de\/gala-zum-30-jaehrigen-jubilaeum-von-system-aluminium\/\">Gala zum 30-j\u00e4hrigen Jubil\u00e4um von System Aluminium<\/a><\/h2><\/div>\t\t<\/div>\r\n\t\t\t<\/article>\r\n\t<article class=\"w-grid-item size_1x1 post-10625 post type-post status-publish format-video hentry category-neuigkeiten-und-ankundigungen category-videos post_format-post-format-video\" data-id=\"10625\">\r\n\t\t<div class=\"w-grid-item-h\">\r\n\t\t\t\t\t\t<div class=\"w-post-elm post_image usg_post_image_1 has_ratio media_preview\"><div class=\"w-video\"><div class=\"w-video-h\" style=\"padding-bottom:56.25%;\"><iframe loading=\"lazy\" title=\"100 y\u0131l\u0131 a\u015fan Cumhuriyet...\" width=\"640\" height=\"360\" src=\"https:\/\/www.youtube.com\/embed\/JC3fmKrZSyA?feature=oembed\" frameborder=\"0\" allow=\"accelerometer; autoplay; clipboard-write; encrypted-media; gyroscope; picture-in-picture; web-share\" referrerpolicy=\"strict-origin-when-cross-origin\" allowfullscreen><\/iframe><\/div><\/div><\/div><div class=\"w-vwrapper usg_vwrapper_1 align_none valign_top\"><div class=\"w-hwrapper usg_hwrapper_1 align_none valign_top\"><div class=\"w-post-elm post_taxonomy usg_post_taxonomy_1 style_simple\"><a class=\"term-15 term-neuigkeiten-und-ankundigungen\" href=\"https:\/\/www.sistemal.com\/de\/kategorie\/neuigkeiten-und-ankundigungen\/\">Neuigkeiten und Ank\u00fcndigungen<\/a><b>, <\/b><a class=\"term-34 term-videos\" href=\"https:\/\/www.sistemal.com\/de\/kategorie\/videos\/\">Videos<\/a><\/div><time class=\"w-post-elm post_date usg_post_date_1 has_text_color entry-date published\" datetime=\"2024-10-29T12:26:14+03:00\"><i class=\"fas fa-calendar-alt\"><\/i>29 Oktober 2024<\/time><\/div><h2 class=\"w-post-elm post_title usg_post_title_1 has_text_color entry-title color_link_inherit\"><a href=\"https:\/\/www.sistemal.com\/de\/republik-seit-ueber-100-jahren\/\">Republik seit \u00fcber 100 Jahren&#8230;<\/a><\/h2><\/div>\t\t<\/div>\r\n\t\t\t<\/article>\r\n\t<article class=\"w-grid-item size_1x1 post-10627 post type-post status-publish format-video hentry category-neuigkeiten-und-ankundigungen category-videos post_format-post-format-video\" data-id=\"10627\">\r\n\t\t<div class=\"w-grid-item-h\">\r\n\t\t\t\t\t\t<div class=\"w-post-elm post_image usg_post_image_1 has_ratio media_preview\"><div class=\"w-video\"><div class=\"w-video-h\" style=\"padding-bottom:56.25%;\"><iframe loading=\"lazy\" title=\"30. y\u0131l co\u015fkusu fabrikam\u0131zdan ba\u015flad\u0131! \ud83c\udf1f \ud83c\udfed\" width=\"640\" height=\"360\" src=\"https:\/\/www.youtube.com\/embed\/vfto2P8RfkQ?feature=oembed\" frameborder=\"0\" allow=\"accelerometer; autoplay; clipboard-write; encrypted-media; gyroscope; picture-in-picture; web-share\" referrerpolicy=\"strict-origin-when-cross-origin\" allowfullscreen><\/iframe><\/div><\/div><\/div><div class=\"w-vwrapper usg_vwrapper_1 align_none valign_top\"><div class=\"w-hwrapper usg_hwrapper_1 align_none valign_top\"><div class=\"w-post-elm post_taxonomy usg_post_taxonomy_1 style_simple\"><a class=\"term-15 term-neuigkeiten-und-ankundigungen\" href=\"https:\/\/www.sistemal.com\/de\/kategorie\/neuigkeiten-und-ankundigungen\/\">Neuigkeiten und Ank\u00fcndigungen<\/a><b>, <\/b><a class=\"term-34 term-videos\" href=\"https:\/\/www.sistemal.com\/de\/kategorie\/videos\/\">Videos<\/a><\/div><time class=\"w-post-elm post_date usg_post_date_1 has_text_color entry-date published\" datetime=\"2024-09-09T12:42:08+03:00\"><i class=\"fas fa-calendar-alt\"><\/i>9 September 2024<\/time><\/div><h2 class=\"w-post-elm post_title usg_post_title_1 has_text_color entry-title color_link_inherit\"><a href=\"https:\/\/www.sistemal.com\/de\/die-feier-zum-30-jaehrigen-jubilaeum-begann-in-unserer-fabrik-\ud83c\udf1f-\ud83c\udfed\/\">Die Feier zum 30-j\u00e4hrigen Jubil\u00e4um begann in unserer Fabrik! \ud83c\udf1f \ud83c\udfed<\/a><\/h2><\/div>\t\t<\/div>\r\n\t\t\t<\/article>\r\n\t<article class=\"w-grid-item size_1x1 post-8860 post type-post status-publish format-standard has-post-thumbnail hentry category-neuigkeiten-und-ankundigungen\" data-id=\"8860\">\r\n\t\t<div class=\"w-grid-item-h\">\r\n\t\t\t\t\t\t<div class=\"w-post-elm post_image usg_post_image_1 has_ratio\"><a href=\"https:\/\/www.sistemal.com\/de\/wir-haben-unser-covid-19-kiwa-zertifikat-fur-sichere-herstellung-erhalten\/\" aria-label=\"Wir haben unser Covid-19 Kiwa-Zertifikat f\u00fcr sichere Herstellung erhalten\"><img loading=\"lazy\" decoding=\"async\" width=\"760\" height=\"570\" src=\"https:\/\/www.sistemal.com\/de\/wp-content\/uploads\/2022\/03\/10663807a7a8e575c4a00a360a40ba57-1599220525409.jpg\" class=\"attachment-full size-full wp-post-image\" alt=\"\" srcset=\"https:\/\/www.sistemal.com\/de\/wp-content\/uploads\/2022\/03\/10663807a7a8e575c4a00a360a40ba57-1599220525409.jpg 760w, https:\/\/www.sistemal.com\/de\/wp-content\/uploads\/2022\/03\/10663807a7a8e575c4a00a360a40ba57-1599220525409-300x225.jpg 300w\" sizes=\"(max-width: 760px) 100vw, 760px\" \/><\/a><div style=\"padding-bottom:56.25%\"><\/div><\/div><div class=\"w-vwrapper usg_vwrapper_1 align_none valign_top\"><div class=\"w-hwrapper usg_hwrapper_1 align_none valign_top\"><div class=\"w-post-elm post_taxonomy usg_post_taxonomy_1 style_simple\"><a class=\"term-15 term-neuigkeiten-und-ankundigungen\" href=\"https:\/\/www.sistemal.com\/de\/kategorie\/neuigkeiten-und-ankundigungen\/\">Neuigkeiten und Ank\u00fcndigungen<\/a><\/div><time class=\"w-post-elm post_date usg_post_date_1 has_text_color entry-date published\" datetime=\"2022-03-11T10:51:54+03:00\"><i class=\"fas fa-calendar-alt\"><\/i>11 M\u00e4rz 2022<\/time><\/div><h2 class=\"w-post-elm post_title usg_post_title_1 has_text_color entry-title color_link_inherit\"><a href=\"https:\/\/www.sistemal.com\/de\/wir-haben-unser-covid-19-kiwa-zertifikat-fur-sichere-herstellung-erhalten\/\">Wir haben unser Covid-19 Kiwa-Zertifikat f\u00fcr sichere Herstellung erhalten<\/a><\/h2><\/div>\t\t<\/div>\r\n\t\t\t<\/article>\r\n\t<article class=\"w-grid-item size_1x1 post-8856 post type-post status-publish format-standard has-post-thumbnail hentry category-neuigkeiten-und-ankundigungen\" data-id=\"8856\">\r\n\t\t<div class=\"w-grid-item-h\">\r\n\t\t\t\t\t\t<div class=\"w-post-elm post_image usg_post_image_1 has_ratio\"><a href=\"https:\/\/www.sistemal.com\/de\/unsere-firma-wurde-mit-dem-iatf-16949-automotive-quality-management-zertifikat-ausgezeichnet\/\" aria-label=\"Unsere Firma wurde mit dem IATF 16949 Automotive Quality Management Zertifikat ausgezeichnet.\"><img loading=\"lazy\" decoding=\"async\" width=\"760\" height=\"570\" src=\"https:\/\/www.sistemal.com\/de\/wp-content\/uploads\/2022\/03\/4c68bdbfe86d178887b65157ef34357d-1597825777631.jpg\" class=\"attachment-full size-full wp-post-image\" alt=\"\" srcset=\"https:\/\/www.sistemal.com\/de\/wp-content\/uploads\/2022\/03\/4c68bdbfe86d178887b65157ef34357d-1597825777631.jpg 760w, https:\/\/www.sistemal.com\/de\/wp-content\/uploads\/2022\/03\/4c68bdbfe86d178887b65157ef34357d-1597825777631-300x225.jpg 300w\" sizes=\"(max-width: 760px) 100vw, 760px\" \/><\/a><div style=\"padding-bottom:56.25%\"><\/div><\/div><div class=\"w-vwrapper usg_vwrapper_1 align_none valign_top\"><div class=\"w-hwrapper usg_hwrapper_1 align_none valign_top\"><div class=\"w-post-elm post_taxonomy usg_post_taxonomy_1 style_simple\"><a class=\"term-15 term-neuigkeiten-und-ankundigungen\" href=\"https:\/\/www.sistemal.com\/de\/kategorie\/neuigkeiten-und-ankundigungen\/\">Neuigkeiten und Ank\u00fcndigungen<\/a><\/div><time class=\"w-post-elm post_date usg_post_date_1 has_text_color entry-date published\" datetime=\"2022-03-11T10:50:17+03:00\"><i class=\"fas fa-calendar-alt\"><\/i>11 M\u00e4rz 2022<\/time><\/div><h2 class=\"w-post-elm post_title usg_post_title_1 has_text_color entry-title color_link_inherit\"><a href=\"https:\/\/www.sistemal.com\/de\/unsere-firma-wurde-mit-dem-iatf-16949-automotive-quality-management-zertifikat-ausgezeichnet\/\">Unsere Firma wurde mit dem IATF 16949 Automotive Quality Management Zertifikat ausgezeichnet.<\/a><\/h2><\/div>\t\t<\/div>\r\n\t\t\t<\/article>\r\n\t<article class=\"w-grid-item size_1x1 post-8853 post type-post status-publish format-standard has-post-thumbnail hentry category-neuigkeiten-und-ankundigungen\" data-id=\"8853\">\r\n\t\t<div class=\"w-grid-item-h\">\r\n\t\t\t\t\t\t<div class=\"w-post-elm post_image usg_post_image_1 has_ratio\"><a href=\"https:\/\/www.sistemal.com\/de\/virtuelle-messe-360-vr\/\" aria-label=\"Virtuelle Messe 360 VR\"><img loading=\"lazy\" decoding=\"async\" width=\"760\" height=\"570\" src=\"https:\/\/www.sistemal.com\/de\/wp-content\/uploads\/2022\/03\/fdcf1fdcc2722c9fa1e68b65a61963e2-1597825853463.jpg\" class=\"attachment-full size-full wp-post-image\" alt=\"\" srcset=\"https:\/\/www.sistemal.com\/de\/wp-content\/uploads\/2022\/03\/fdcf1fdcc2722c9fa1e68b65a61963e2-1597825853463.jpg 760w, https:\/\/www.sistemal.com\/de\/wp-content\/uploads\/2022\/03\/fdcf1fdcc2722c9fa1e68b65a61963e2-1597825853463-300x225.jpg 300w\" sizes=\"(max-width: 760px) 100vw, 760px\" \/><\/a><div style=\"padding-bottom:56.25%\"><\/div><\/div><div class=\"w-vwrapper usg_vwrapper_1 align_none valign_top\"><div class=\"w-hwrapper usg_hwrapper_1 align_none valign_top\"><div class=\"w-post-elm post_taxonomy usg_post_taxonomy_1 style_simple\"><a class=\"term-15 term-neuigkeiten-und-ankundigungen\" href=\"https:\/\/www.sistemal.com\/de\/kategorie\/neuigkeiten-und-ankundigungen\/\">Neuigkeiten und Ank\u00fcndigungen<\/a><\/div><time class=\"w-post-elm post_date usg_post_date_1 has_text_color entry-date published\" datetime=\"2022-03-11T10:48:31+03:00\"><i class=\"fas fa-calendar-alt\"><\/i>11 M\u00e4rz 2022<\/time><\/div><h2 class=\"w-post-elm post_title usg_post_title_1 has_text_color entry-title color_link_inherit\"><a href=\"https:\/\/www.sistemal.com\/de\/virtuelle-messe-360-vr\/\">Virtuelle Messe 360 VR<\/a><\/h2><\/div>\t\t<\/div>\r\n\t\t\t<\/article>\r\n\t<article class=\"w-grid-item size_1x1 post-8847 post type-post status-publish format-standard has-post-thumbnail hentry category-neuigkeiten-und-ankundigungen\" data-id=\"8847\">\r\n\t\t<div class=\"w-grid-item-h\">\r\n\t\t\t\t\t\t<div class=\"w-post-elm post_image usg_post_image_1 has_ratio\"><a href=\"https:\/\/www.sistemal.com\/de\/wir-herstellen-weiterhin-in-einer-sicheren-umgebung\/\" aria-label=\"Wir Herstellen Weiterhin In Einer Sicheren Umgebung&#8230;\"><img loading=\"lazy\" decoding=\"async\" width=\"760\" height=\"570\" src=\"https:\/\/www.sistemal.com\/de\/wp-content\/uploads\/2022\/03\/0347953260d29b63f2e5914379f42023-1597825876394.jpg\" class=\"attachment-full size-full wp-post-image\" alt=\"\" srcset=\"https:\/\/www.sistemal.com\/de\/wp-content\/uploads\/2022\/03\/0347953260d29b63f2e5914379f42023-1597825876394.jpg 760w, https:\/\/www.sistemal.com\/de\/wp-content\/uploads\/2022\/03\/0347953260d29b63f2e5914379f42023-1597825876394-300x225.jpg 300w\" sizes=\"(max-width: 760px) 100vw, 760px\" \/><\/a><div style=\"padding-bottom:56.25%\"><\/div><\/div><div class=\"w-vwrapper usg_vwrapper_1 align_none valign_top\"><div class=\"w-hwrapper usg_hwrapper_1 align_none valign_top\"><div class=\"w-post-elm post_taxonomy usg_post_taxonomy_1 style_simple\"><a class=\"term-15 term-neuigkeiten-und-ankundigungen\" href=\"https:\/\/www.sistemal.com\/de\/kategorie\/neuigkeiten-und-ankundigungen\/\">Neuigkeiten und Ank\u00fcndigungen<\/a><\/div><time class=\"w-post-elm post_date usg_post_date_1 has_text_color entry-date published\" datetime=\"2022-03-11T10:39:10+03:00\"><i class=\"fas fa-calendar-alt\"><\/i>11 M\u00e4rz 2022<\/time><\/div><h2 class=\"w-post-elm post_title usg_post_title_1 has_text_color entry-title color_link_inherit\"><a href=\"https:\/\/www.sistemal.com\/de\/wir-herstellen-weiterhin-in-einer-sicheren-umgebung\/\">Wir Herstellen Weiterhin In Einer Sicheren Umgebung&#8230;<\/a><\/h2><\/div>\t\t<\/div>\r\n\t\t\t<\/article>\r\n<\/div><div class=\"w-grid-preloader\">\t<div class=\"g-preloader type_1\">\r\n\t\t<div><\/div>\r\n\t<\/div>\r\n\t<\/div>\t<div class=\"w-grid-json hidden\" onclick='return {&quot;action&quot;:&quot;us_ajax_grid&quot;,&quot;infinite_scroll&quot;:0,&quot;max_num_pages&quot;:1,&quot;pagination&quot;:&quot;regular&quot;,&quot;template_vars&quot;:{&quot;columns&quot;:&quot;3&quot;,&quot;exclude_items&quot;:&quot;none&quot;,&quot;img_size&quot;:&quot;default&quot;,&quot;ignore_items_size&quot;:0,&quot;items_layout&quot;:&quot;8170&quot;,&quot;items_offset&quot;:&quot;1&quot;,&quot;load_animation&quot;:&quot;none&quot;,&quot;overriding_link&quot;:&quot;%7B%22url%22%3A%22%22%7D&quot;,&quot;post_id&quot;:0,&quot;query_args&quot;:{&quot;post_type&quot;:[&quot;post&quot;],&quot;tax_query&quot;:[{&quot;taxonomy&quot;:&quot;category&quot;,&quot;field&quot;:&quot;slug&quot;,&quot;terms&quot;:[&quot;neuigkeiten-und-ankundigungen&quot;]}],&quot;post_status&quot;:[&quot;publish&quot;,&quot;acf-disabled&quot;],&quot;posts_per_page&quot;:999},&quot;orderby_query_args&quot;:{&quot;orderby&quot;:{&quot;date&quot;:&quot;DESC&quot;}},&quot;type&quot;:&quot;grid&quot;,&quot;us_grid_post_type&quot;:&quot;post&quot;,&quot;us_grid_ajax_index&quot;:1,&quot;us_grid_filter_query_string&quot;:null,&quot;us_grid_index&quot;:1,&quot;page_args&quot;:[]}}'><\/div>\r\n\t<\/div><\/div><\/div><\/div><\/div><\/div><\/div><\/div><\/div><\/div><\/section>\n","protected":false},"excerpt":{"rendered":"W\u00e4hrend wir die Gesundheit unserer Mitarbeiter mit den Ma\u00dfnahmen sch\u00fctzen, die wir w\u00e4hrend des Covid-19-Pandemieprozesses umgesetzt haben, haben wir in den ersten acht Monaten des Jahres den Personaleinsatz in unseren Einrichtungen um 5% erh\u00f6ht. Auch heute noch produzieren und liefern wir unsere Produkte mit unserem Fachpersonal von mehr als 850 Personen auf die Weltm\u00e4rkte. In...","protected":false},"author":1,"featured_media":0,"parent":0,"menu_order":0,"comment_status":"closed","ping_status":"closed","template":"","meta":{"_acf_changed":false,"footnotes":""},"class_list":["post-8165","page","type-page","status-publish","hentry"],"acf":[],"yoast_head":"<!-- This site is optimized with the Yoast SEO plugin v20.5 - https:\/\/yoast.com\/wordpress\/plugins\/seo\/ -->\n<title>Presseberichte - Sistem Aluminium<\/title>\n<meta name=\"robots\" content=\"index, follow, max-snippet:-1, max-image-preview:large, max-video-preview:-1\" \/>\n<link rel=\"canonical\" href=\"https:\/\/www.sistemal.com\/de\/veranstaltungen\/\" \/>\n<meta property=\"og:locale\" content=\"de_DE\" \/>\n<meta property=\"og:type\" content=\"article\" \/>\n<meta property=\"og:title\" content=\"Presseberichte - Sistem Aluminium\" \/>\n<meta property=\"og:url\" content=\"https:\/\/www.sistemal.com\/de\/veranstaltungen\/\" \/>\n<meta property=\"og:site_name\" content=\"Sistem Aluminium\" \/>\n<meta property=\"article:modified_time\" content=\"2025-04-21T15:25:22+00:00\" \/>\n<meta name=\"twitter:card\" content=\"summary_large_image\" \/>\n<meta name=\"twitter:label1\" content=\"Gesch\u00e4tzte Lesezeit\" \/>\n\t<meta name=\"twitter:data1\" content=\"1\u00a0Minute\" \/>\n<script type=\"application\/ld+json\" class=\"yoast-schema-graph\">{\"@context\":\"https:\/\/schema.org\",\"@graph\":[{\"@type\":\"WebPage\",\"@id\":\"https:\/\/www.sistemal.com\/de\/veranstaltungen\/\",\"url\":\"https:\/\/www.sistemal.com\/de\/veranstaltungen\/\",\"name\":\"Presseberichte - Sistem Aluminium\",\"isPartOf\":{\"@id\":\"https:\/\/www.sistemal.com\/de\/#website\"},\"datePublished\":\"2022-03-07T07:39:59+00:00\",\"dateModified\":\"2025-04-21T15:25:22+00:00\",\"breadcrumb\":{\"@id\":\"https:\/\/www.sistemal.com\/de\/veranstaltungen\/#breadcrumb\"},\"inLanguage\":\"de\",\"potentialAction\":[{\"@type\":\"ReadAction\",\"target\":[\"https:\/\/www.sistemal.com\/de\/veranstaltungen\/\"]}]},{\"@type\":\"BreadcrumbList\",\"@id\":\"https:\/\/www.sistemal.com\/de\/veranstaltungen\/#breadcrumb\",\"itemListElement\":[{\"@type\":\"ListItem\",\"position\":1,\"name\":\"Startseite\",\"item\":\"https:\/\/www.sistemal.com\/de\/\"},{\"@type\":\"ListItem\",\"position\":2,\"name\":\"Presseberichte\"}]},{\"@type\":\"WebSite\",\"@id\":\"https:\/\/www.sistemal.com\/de\/#website\",\"url\":\"https:\/\/www.sistemal.com\/de\/\",\"name\":\"Sistem Aluminium\",\"description\":\"\",\"potentialAction\":[{\"@type\":\"SearchAction\",\"target\":{\"@type\":\"EntryPoint\",\"urlTemplate\":\"https:\/\/www.sistemal.com\/de\/?s={search_term_string}\"},\"query-input\":\"required name=search_term_string\"}],\"inLanguage\":\"de\"}]}<\/script>\n<!-- \/ Yoast SEO plugin. -->","yoast_head_json":{"title":"Presseberichte - Sistem Aluminium","robots":{"index":"index","follow":"follow","max-snippet":"max-snippet:-1","max-image-preview":"max-image-preview:large","max-video-preview":"max-video-preview:-1"},"canonical":"https:\/\/www.sistemal.com\/de\/veranstaltungen\/","og_locale":"de_DE","og_type":"article","og_title":"Presseberichte - Sistem Aluminium","og_url":"https:\/\/www.sistemal.com\/de\/veranstaltungen\/","og_site_name":"Sistem Aluminium","article_modified_time":"2025-04-21T15:25:22+00:00","twitter_card":"summary_large_image","twitter_misc":{"Gesch\u00e4tzte Lesezeit":"1\u00a0Minute"},"schema":{"@context":"https:\/\/schema.org","@graph":[{"@type":"WebPage","@id":"https:\/\/www.sistemal.com\/de\/veranstaltungen\/","url":"https:\/\/www.sistemal.com\/de\/veranstaltungen\/","name":"Presseberichte - Sistem Aluminium","isPartOf":{"@id":"https:\/\/www.sistemal.com\/de\/#website"},"datePublished":"2022-03-07T07:39:59+00:00","dateModified":"2025-04-21T15:25:22+00:00","breadcrumb":{"@id":"https:\/\/www.sistemal.com\/de\/veranstaltungen\/#breadcrumb"},"inLanguage":"de","potentialAction":[{"@type":"ReadAction","target":["https:\/\/www.sistemal.com\/de\/veranstaltungen\/"]}]},{"@type":"BreadcrumbList","@id":"https:\/\/www.sistemal.com\/de\/veranstaltungen\/#breadcrumb","itemListElement":[{"@type":"ListItem","position":1,"name":"Startseite","item":"https:\/\/www.sistemal.com\/de\/"},{"@type":"ListItem","position":2,"name":"Presseberichte"}]},{"@type":"WebSite","@id":"https:\/\/www.sistemal.com\/de\/#website","url":"https:\/\/www.sistemal.com\/de\/","name":"Sistem Aluminium","description":"","potentialAction":[{"@type":"SearchAction","target":{"@type":"EntryPoint","urlTemplate":"https:\/\/www.sistemal.com\/de\/?s={search_term_string}"},"query-input":"required name=search_term_string"}],"inLanguage":"de"}]}},"_links":{"self":[{"href":"https:\/\/www.sistemal.com\/de\/wp-json\/wp\/v2\/pages\/8165"}],"collection":[{"href":"https:\/\/www.sistemal.com\/de\/wp-json\/wp\/v2\/pages"}],"about":[{"href":"https:\/\/www.sistemal.com\/de\/wp-json\/wp\/v2\/types\/page"}],"author":[{"embeddable":true,"href":"https:\/\/www.sistemal.com\/de\/wp-json\/wp\/v2\/users\/1"}],"replies":[{"embeddable":true,"href":"https:\/\/www.sistemal.com\/de\/wp-json\/wp\/v2\/comments?post=8165"}],"version-history":[{"count":11,"href":"https:\/\/www.sistemal.com\/de\/wp-json\/wp\/v2\/pages\/8165\/revisions"}],"predecessor-version":[{"id":11090,"href":"https:\/\/www.sistemal.com\/de\/wp-json\/wp\/v2\/pages\/8165\/revisions\/11090"}],"wp:attachment":[{"href":"https:\/\/www.sistemal.com\/de\/wp-json\/wp\/v2\/media?parent=8165"}],"curies":[{"name":"wp","href":"https:\/\/api.w.org\/{rel}","templated":true}]}}