{"id":7973,"date":"2022-03-04T14:42:13","date_gmt":"2022-03-04T11:42:13","guid":{"rendered":"http:\/\/www.sistemal.com\/de\/?page_id=7973"},"modified":"2024-03-13T17:22:29","modified_gmt":"2024-03-13T14:22:29","slug":"personalabteilung","status":"publish","type":"page","link":"https:\/\/www.sistemal.com\/de\/personalabteilung\/","title":{"rendered":"Personalabteilung"},"content":{"rendered":"<section class=\"l-section wpb_row height_auto\"><div class=\"l-section-h i-cf\"><div class=\"g-cols vc_row via_flex valign_top type_default stacking_default\"><div class=\"vc_col-sm-12 wpb_column vc_column_container\"><div class=\"vc_column-inner\"><div class=\"wpb_wrapper\"><div class=\"g-cols wpb_row via_flex valign_top type_default stacking_default\"><div class=\"vc_col-sm-8 wpb_column vc_column_container\"><div class=\"vc_column-inner\"><div class=\"wpb_wrapper\"><div class=\"wpb_text_column\"><div class=\"wpb_wrapper\"><p>Als die Sistem Al\u00fcminyum,<\/p>\n<p>Kandidaten, die sich f\u00fcr offene Arbeitsstellen in unserer Firma bewerben m\u00f6chten, m\u00fcssen sich pers\u00f6nlich in unserem Werk in Ergene \/ TEK\u0130RDA\u011e bewerben.<\/p>\n<p>Sie k\u00f6nnen sich f\u00fcr offene Stellen in unserer Firma \u00fcber unsere Seiten auf Kariyer.net und LinkedIn bewerben. Sie k\u00f6nnen Ihren Lebenslauf durch Ausf\u00fcllen des nachstehenden Formulars f\u00fcr allgemeine Bewerbungen senden.<\/p>\n<\/div><\/div><div class=\"w-separator size_medium\"><\/div><div class=\"wpb_text_column\"><div class=\"wpb_wrapper\"><h3>Allgemeine Anwendung<\/h3>\n<\/div><\/div>\n            <div \n                class=\"elfsight-widget-form-builder elfsight-widget\" \n                data-elfsight-form-builder-options=\"%7B%22ei%22%3A%22%22%2C%22fields%22%3A%5B%7B%22type%22%3A%22text%22%2C%22placeholder%22%3A%22Vorname%2C%20Nachname%22%2C%22description%22%3A%22%22%2C%22label%22%3A%22%22%2C%22required%22%3Afalse%2C%22columnWidth%22%3A100%2C%22id%22%3A%22%5B%5D%22%7D%2C%7B%22type%22%3A%22phone%22%2C%22label%22%3A%22%22%2C%22placeholder%22%3A%22Telefon%20Nummer%22%2C%22description%22%3A%22%22%2C%22required%22%3Afalse%2C%22columnWidth%22%3A100%2C%22id%22%3A%22%5B%5D%22%7D%2C%7B%22type%22%3A%22email%22%2C%22label%22%3A%22%22%2C%22description%22%3A%22%22%2C%22placeholder%22%3A%22E-Mail%22%2C%22required%22%3Atrue%2C%22columnWidth%22%3A100%2C%22id%22%3A%22%5B%5D%22%7D%2C%7B%22type%22%3A%22file%22%2C%22label%22%3A%22Lebenslauf%20Hinzuf%5Cu00fcgen%22%2C%22name%22%3A%22%22%2C%22placeholder%22%3A%22%22%2C%22options%22%3A%22Option%201%5CnOption%202%22%2C%22scaleNumbersMin%22%3A1%2C%22scaleNumbersMax%22%3A10%2C%22leftCaption%22%3A%22Not%20likely%22%2C%22rightCaption%22%3A%22Very%20likely%22%2C%22fileLinkCaption%22%3A%22W%5Cu00e4hlen%22%2C%22fileDragCaption%22%3A%22Max.%2020%20MB%22%2C%22text%22%3A%22Text%22%2C%22title%22%3A%22Heading%22%2C%22caption%22%3A%22%22%2C%22value%22%3A%22%22%2C%22labelText%22%3A%22Label%22%2C%22dateTime%22%3A%22date%22%2C%22dateFormat%22%3A%22d.m.Y%22%2C%22timeFormat%22%3A%22H%3Ai%22%2C%22starsCount%22%3A5%2C%22required%22%3Atrue%2C%22description%22%3A%22%22%2C%22columnWidth%22%3A100%2C%22elementColumnWidth%22%3A100%2C%22fileAllowedAll%22%3Atrue%2C%22fileAllowed%22%3A%5B%22.jpg%22%2C%22.jpeg%22%2C%22.png%22%2C%22.gif%22%2C%22.txt%22%2C%22.pdf%22%2C%22.doc%22%2C%22.docx%22%2C%22.pages%22%2C%22.numbers%22%2C%22.xls%22%2C%22.xlsx%22%2C%22.odt%22%2C%22.ppt%22%2C%22.pptx%22%2C%22.pps%22%2C%22.ppsx%22%2C%22.html%22%5D%2C%22fileMax%22%3A25%2C%22fields%22%3A%22%22%2C%22id%22%3A%22%5Blebenslauf-hinzuf%5Cu00fcgen%5D%22%7D%2C%7B%22type%22%3A%22textarea%22%2C%22label%22%3A%22%22%2C%22description%22%3A%22%22%2C%22placeholder%22%3A%22Botschaft%22%2C%22required%22%3Atrue%2C%22columnWidth%22%3A100%2C%22id%22%3A%22%5B%5D%22%7D%2C%7B%22type%22%3A%22checkbox%22%2C%22label%22%3A%22%22%2C%22name%22%3A%22%22%2C%22placeholder%22%3A%22%22%2C%22options%22%3A%22Ich%20lese%20und%20akzeptiere%20Richtlinien%20zum%20Schutz%20und%20zur%20Verarbeitung%20personenbezogener%20Daten%20sowie%20Offenlegungstexte.%5CnIch%20habe%20die%20Erkl%5Cu00e4rung%20zur%20ausdr%5Cu00fccklichen%20Zustimmung%20zum%20Schutz%20personenbezogener%20Daten%20gelesen%20und%20akzeptiere%20sie.%22%2C%22scaleNumbersMin%22%3A1%2C%22scaleNumbersMax%22%3A10%2C%22leftCaption%22%3A%22Not%20likely%22%2C%22rightCaption%22%3A%22Very%20likely%22%2C%22fileLinkCaption%22%3A%22Choose%20file%22%2C%22fileDragCaption%22%3A%22or%20drag%20%26%20drop%20here%22%2C%22text%22%3A%22Text%22%2C%22title%22%3A%22Heading%22%2C%22caption%22%3A%22%22%2C%22value%22%3A%22%22%2C%22labelText%22%3A%22Label%22%2C%22dateTime%22%3A%22date%22%2C%22dateFormat%22%3A%22d.m.Y%22%2C%22timeFormat%22%3A%22H%3Ai%22%2C%22starsCount%22%3A5%2C%22required%22%3Atrue%2C%22description%22%3A%22%22%2C%22columnWidth%22%3A100%2C%22elementColumnWidth%22%3A100%2C%22fileAllowedAll%22%3Atrue%2C%22fileAllowed%22%3A%5B%22.jpg%22%2C%22.jpeg%22%2C%22.png%22%2C%22.gif%22%2C%22.txt%22%2C%22.pdf%22%2C%22.doc%22%2C%22.docx%22%2C%22.pages%22%2C%22.numbers%22%2C%22.xls%22%2C%22.xlsx%22%2C%22.odt%22%2C%22.ppt%22%2C%22.pptx%22%2C%22.pps%22%2C%22.ppsx%22%2C%22.html%22%5D%2C%22fileMax%22%3A25%2C%22fields%22%3A%22%22%2C%22id%22%3A%22%5B%5D%22%7D%5D%2C%22headerActive%22%3Afalse%2C%22headerTitle%22%3A%22Get%20in%20Touch%22%2C%22headerText%22%3A%22Leave%20your%20message%20and%20we%27ll%20get%20back%20to%20you%20shortly.%22%2C%22headerPictureUrl%22%3A%22message%22%2C%22footerText%22%3A%22%22%2C%22actionAfterSubmit%22%3A%22message%22%2C%22successMessage%22%3A%22Ihre%20Nachricht%20wurde%20erfolgreich%20gesendet%21%20Wir%20werden%20Ihnen%20in%20K%5Cu00fcrze%20antworten.%22%2C%22successContinueText%22%3A%22TAMAM%22%2C%22redirectUrl%22%3A%22https%3A%5C%2F%5C%2Fexample.com%22%2C%22submitText%22%3A%22Senden%22%2C%22stepsMessagesDivider%22%3Anull%2C%22stepsMessagesTitle%22%3Anull%2C%22stepsText%22%3A%22step%20%251%20of%20%252%22%2C%22stepBackText%22%3A%22Back%22%2C%22stepNextText%22%3A%22Next%22%2C%22errorMessageAllRequired%22%3A%22L%5Cu00fctfen%20gerekli%20t%5Cu00fcm%20alanlar%5Cu0131%20doldurun%22%2C%22errorMessageAllIncorrect%22%3A%22L%5Cu00fctfen%20t%5Cu00fcm%20alanlar%5Cu0131%20do%5Cu011fru%20doldurunuz%22%2C%22errorMessageSetMailTo%22%3A%22L%5Cu00fctfen%20mesajlar%5Cu0131n%20g%5Cu00f6nderilece%5Cu011fi%20e-postay%5Cu0131%20ayarlay%5Cu0131n%22%2C%22errorMessageRequiredCaptcha%22%3A%22L%5Cu00fctfen%20captcha%27y%5Cu0131%20girin%22%2C%22errorMessageFileSizeLimit%22%3A%22Dosya%20boyutu%20s%5Cu0131n%5Cu0131r%5Cu0131%20a%5Cu015f%5Cu0131ld%5Cu0131%22%2C%22errorMessageFileNotAllowed%22%3A%22Dosya%20uzant%5Cu0131s%5Cu0131na%20izin%20verilmiyor%22%2C%22errorMessageUnknown%22%3A%22Bilinmeyen%20hata%22%2C%22errorMessageRequired%22%3A%22Gerekli%20Alan%22%2C%22errorMessageInvalid%22%3A%22Ge%5Cu00e7ersiz%22%2C%22errorMessageInvalidEmail%22%3A%22Ge%5Cu00e7ersiz%20e-posta%22%2C%22errorMessageInvalidPhone%22%3A%22Ge%5Cu00e7ersiz%20telefon%20numaras%5Cu0131%22%2C%22errorMessageInvalidUrl%22%3A%22Ge%5Cu00e7ersiz%20URL%22%2C%22calendarWeekdaysShorthand%22%3A%22Pt%5CnSa%5Cn%5Cu00c7a%5CnPe%5CnCu%5CnCt%5CnPa%22%2C%22calendarMonthsLonghand%22%3A%22Ocak%5Cn%5Cu015eubat%5CnMart%5CnNisan%5CnMay%5Cu0131s%5CnHaziran%5CnTemmuz%5CnA%5Cu011fustos%5CnEyl%5Cu00fcl%5CnEkim%5CnKas%5Cu0131m%5CnAral%5Cu0131k%22%2C%22showProgress%22%3Atrue%2C%22recaptchaType%22%3A%22checkbox%22%2C%22integrationsGoogleToken%22%3A%22%22%2C%22integrationsGoogleSheetId%22%3A%22%22%2C%22layout%22%3A%22default%22%2C%22floatingIcon%22%3A%22message%22%2C%22floatingText%22%3A%22%22%2C%22floatingPosition%22%3A%22right%22%2C%22width%22%3A%221000%22%2C%22style%22%3A%22flat%22%2C%22mainColor%22%3A%22rgb%28225%2C%2037%2C%2027%29%22%2C%22apiUrl%22%3A%22https%3A%5C%2F%5C%2Fwww.sistemal.com%5C%2Fde%5C%2Fwp-json%5C%2Felfsight-form-builder%5C%2Fapi%22%2C%22recaptchaKeyCheckbox%22%3A%226LfXGHgUAAAAAHNIE_EH7kEI1l4xvf_ynIlg5bfo%22%2C%22recaptchaKeyInvisible%22%3A%226Ld1CXgUAAAAAFTHmixC1Eo-NP7_3ddB1YOj9AfX%22%2C%22widgetId%22%3A%222%22%7D\" \n                data-elfsight-form-builder-version=\"1.5.1\"\n                data-elfsight-widget-id=\"elfsight-form-builder-2\">\n            <\/div>\n            <\/div><\/div><\/div><div class=\"vc_col-sm-4 wpb_column vc_column_container\"><div class=\"vc_column-inner\"><div class=\"wpb_wrapper\"><div class=\"w-ibanner us_custom_07466e79 has_text_color animation_aphelia ratio_3x2 easing_ease\"><div class=\"w-ibanner-h\"><div class=\"w-ibanner-image\" style=\"background-image: url(https:\/\/www.sistemal.com\/de\/wp-content\/uploads\/2022\/03\/kariyer-net-logo-2.jpg)\"><\/div><div class=\"w-ibanner-content\"><div class=\"w-ibanner-content-h\"><h4 class=\"w-ibanner-title\">Kariyer.net<\/h4><div class=\"w-ibanner-desc\"><p>Klicken Sie hier, um unseren Stellenausschreibungen auf Kariyer.net zu folgen.<\/p>\n<\/div><\/div><\/div><\/div><a target=\"_blank\" rel=\"nofollow\" href=\"https:\/\/www.kariyer.net\/firma-profil\/sistem-aluminyum-san-ve-tic-a-s-20865-11930\" aria-label=\"Kariyer.net\"><\/a><\/div><div class=\"w-separator size_small\"><\/div><div class=\"w-ibanner us_custom_9e2fa783 has_text_color animation_aphelia ratio_3x2 easing_ease\"><div class=\"w-ibanner-h\"><div class=\"w-ibanner-image\" style=\"background-image: url(https:\/\/www.sistemal.com\/de\/wp-content\/uploads\/2022\/03\/linkedin.jpg)\"><\/div><div class=\"w-ibanner-content\"><div class=\"w-ibanner-content-h\"><h4 class=\"w-ibanner-title\">Linkedin.com<\/h4><div class=\"w-ibanner-desc\"><p>Klicken Sie hier, um unseren Stellenausschreibungen auf Linkedin.com zu folgen.<\/p>\n<\/div><\/div><\/div><\/div><a target=\"_blank\" rel=\"nofollow\" href=\"https:\/\/www.linkedin.com\/company\/sistem-aluminyum\/\" aria-label=\"Linkedin.com\"><\/a><\/div><div class=\"w-separator size_small\"><\/div><div class=\"w-vwrapper us_custom_5a7bf6c5 align_none valign_top\" style=\"--vwrapper-gap:0.5rem\"><div class=\"wpb_text_column us_custom_ff4490b4 has_text_color\"><div class=\"wpb_wrapper\"><h4>Firmen Profil<\/h4>\n<p>Als Sistem Aluminium mit unseren Marken, die wir mit unserer 30 j\u00e4hrigen Erfahrung gereift sind; Wir produzieren Aluminium-Extrusionsprofile und Aluminium-Verbundplatten mit langer Lebensdauer, ausgezeichneter Farbabstimmung und Helligkeit, Dimensionsstabilit\u00e4t, einfacher Verarbeitung und kosteng\u00fcnstiger Arbeit.<\/p>\n<\/div><\/div><div class=\"w-btn-wrapper align_none\"><a class=\"w-btn us-btn-style_4\" href=\"http:\/\/sistemal.com\/de\/unternehmensprofil\/\"><span class=\"w-btn-label\">Mehr<\/span><\/a><\/div><\/div><\/div><\/div><\/div><\/div><\/div><\/div><\/div><\/div><\/div><\/section>\n","protected":false},"excerpt":{"rendered":"Als die Sistem Al\u00fcminyum, Kandidaten, die sich f\u00fcr offene Arbeitsstellen in unserer Firma bewerben m\u00f6chten, m\u00fcssen sich pers\u00f6nlich in unserem Werk in Ergene \/ TEK\u0130RDA\u011e bewerben. Sie k\u00f6nnen sich f\u00fcr offene Stellen in unserer Firma \u00fcber unsere Seiten auf Kariyer.net und LinkedIn bewerben. Sie k\u00f6nnen Ihren Lebenslauf durch Ausf\u00fcllen des nachstehenden Formulars f\u00fcr allgemeine Bewerbungen...","protected":false},"author":1,"featured_media":8431,"parent":0,"menu_order":0,"comment_status":"closed","ping_status":"closed","template":"","meta":{"_acf_changed":false,"footnotes":""},"class_list":["post-7973","page","type-page","status-publish","has-post-thumbnail","hentry"],"acf":[],"yoast_head":"<!-- This site is optimized with the Yoast SEO plugin v20.5 - https:\/\/yoast.com\/wordpress\/plugins\/seo\/ -->\n<title>Personalabteilung - Sistem Aluminium<\/title>\n<meta name=\"robots\" content=\"index, follow, max-snippet:-1, max-image-preview:large, max-video-preview:-1\" \/>\n<link rel=\"canonical\" href=\"https:\/\/www.sistemal.com\/de\/personalabteilung\/\" \/>\n<meta property=\"og:locale\" content=\"de_DE\" \/>\n<meta property=\"og:type\" content=\"article\" \/>\n<meta property=\"og:title\" content=\"Personalabteilung - Sistem Aluminium\" \/>\n<meta property=\"og:url\" content=\"https:\/\/www.sistemal.com\/de\/personalabteilung\/\" \/>\n<meta property=\"og:site_name\" content=\"Sistem Aluminium\" \/>\n<meta property=\"article:modified_time\" content=\"2024-03-13T14:22:29+00:00\" \/>\n<meta property=\"og:image\" content=\"https:\/\/www.sistemal.com\/de\/wp-content\/uploads\/2022\/03\/673cfc749eb3f8f22c47e0888557ef9a-1597823011391-scaled.jpg\" \/>\n\t<meta property=\"og:image:width\" content=\"2560\" \/>\n\t<meta property=\"og:image:height\" content=\"896\" \/>\n\t<meta property=\"og:image:type\" content=\"image\/jpeg\" \/>\n<meta name=\"twitter:card\" content=\"summary_large_image\" \/>\n<meta name=\"twitter:label1\" content=\"Gesch\u00e4tzte Lesezeit\" \/>\n\t<meta name=\"twitter:data1\" content=\"1\u00a0Minute\" \/>\n<script type=\"application\/ld+json\" class=\"yoast-schema-graph\">{\"@context\":\"https:\/\/schema.org\",\"@graph\":[{\"@type\":\"WebPage\",\"@id\":\"https:\/\/www.sistemal.com\/de\/personalabteilung\/\",\"url\":\"https:\/\/www.sistemal.com\/de\/personalabteilung\/\",\"name\":\"Personalabteilung - Sistem Aluminium\",\"isPartOf\":{\"@id\":\"https:\/\/www.sistemal.com\/de\/#website\"},\"datePublished\":\"2022-03-04T11:42:13+00:00\",\"dateModified\":\"2024-03-13T14:22:29+00:00\",\"breadcrumb\":{\"@id\":\"https:\/\/www.sistemal.com\/de\/personalabteilung\/#breadcrumb\"},\"inLanguage\":\"de\",\"potentialAction\":[{\"@type\":\"ReadAction\",\"target\":[\"https:\/\/www.sistemal.com\/de\/personalabteilung\/\"]}]},{\"@type\":\"BreadcrumbList\",\"@id\":\"https:\/\/www.sistemal.com\/de\/personalabteilung\/#breadcrumb\",\"itemListElement\":[{\"@type\":\"ListItem\",\"position\":1,\"name\":\"Startseite\",\"item\":\"https:\/\/www.sistemal.com\/de\/\"},{\"@type\":\"ListItem\",\"position\":2,\"name\":\"Personalabteilung\"}]},{\"@type\":\"WebSite\",\"@id\":\"https:\/\/www.sistemal.com\/de\/#website\",\"url\":\"https:\/\/www.sistemal.com\/de\/\",\"name\":\"Sistem Aluminium\",\"description\":\"\",\"potentialAction\":[{\"@type\":\"SearchAction\",\"target\":{\"@type\":\"EntryPoint\",\"urlTemplate\":\"https:\/\/www.sistemal.com\/de\/?s={search_term_string}\"},\"query-input\":\"required name=search_term_string\"}],\"inLanguage\":\"de\"}]}<\/script>\n<!-- \/ Yoast SEO plugin. -->","yoast_head_json":{"title":"Personalabteilung - Sistem Aluminium","robots":{"index":"index","follow":"follow","max-snippet":"max-snippet:-1","max-image-preview":"max-image-preview:large","max-video-preview":"max-video-preview:-1"},"canonical":"https:\/\/www.sistemal.com\/de\/personalabteilung\/","og_locale":"de_DE","og_type":"article","og_title":"Personalabteilung - Sistem Aluminium","og_url":"https:\/\/www.sistemal.com\/de\/personalabteilung\/","og_site_name":"Sistem Aluminium","article_modified_time":"2024-03-13T14:22:29+00:00","og_image":[{"width":2560,"height":896,"url":"https:\/\/www.sistemal.com\/de\/wp-content\/uploads\/2022\/03\/673cfc749eb3f8f22c47e0888557ef9a-1597823011391-scaled.jpg","type":"image\/jpeg"}],"twitter_card":"summary_large_image","twitter_misc":{"Gesch\u00e4tzte Lesezeit":"1\u00a0Minute"},"schema":{"@context":"https:\/\/schema.org","@graph":[{"@type":"WebPage","@id":"https:\/\/www.sistemal.com\/de\/personalabteilung\/","url":"https:\/\/www.sistemal.com\/de\/personalabteilung\/","name":"Personalabteilung - Sistem Aluminium","isPartOf":{"@id":"https:\/\/www.sistemal.com\/de\/#website"},"datePublished":"2022-03-04T11:42:13+00:00","dateModified":"2024-03-13T14:22:29+00:00","breadcrumb":{"@id":"https:\/\/www.sistemal.com\/de\/personalabteilung\/#breadcrumb"},"inLanguage":"de","potentialAction":[{"@type":"ReadAction","target":["https:\/\/www.sistemal.com\/de\/personalabteilung\/"]}]},{"@type":"BreadcrumbList","@id":"https:\/\/www.sistemal.com\/de\/personalabteilung\/#breadcrumb","itemListElement":[{"@type":"ListItem","position":1,"name":"Startseite","item":"https:\/\/www.sistemal.com\/de\/"},{"@type":"ListItem","position":2,"name":"Personalabteilung"}]},{"@type":"WebSite","@id":"https:\/\/www.sistemal.com\/de\/#website","url":"https:\/\/www.sistemal.com\/de\/","name":"Sistem Aluminium","description":"","potentialAction":[{"@type":"SearchAction","target":{"@type":"EntryPoint","urlTemplate":"https:\/\/www.sistemal.com\/de\/?s={search_term_string}"},"query-input":"required name=search_term_string"}],"inLanguage":"de"}]}},"_links":{"self":[{"href":"https:\/\/www.sistemal.com\/de\/wp-json\/wp\/v2\/pages\/7973"}],"collection":[{"href":"https:\/\/www.sistemal.com\/de\/wp-json\/wp\/v2\/pages"}],"about":[{"href":"https:\/\/www.sistemal.com\/de\/wp-json\/wp\/v2\/types\/page"}],"author":[{"embeddable":true,"href":"https:\/\/www.sistemal.com\/de\/wp-json\/wp\/v2\/users\/1"}],"replies":[{"embeddable":true,"href":"https:\/\/www.sistemal.com\/de\/wp-json\/wp\/v2\/comments?post=7973"}],"version-history":[{"count":31,"href":"https:\/\/www.sistemal.com\/de\/wp-json\/wp\/v2\/pages\/7973\/revisions"}],"predecessor-version":[{"id":10504,"href":"https:\/\/www.sistemal.com\/de\/wp-json\/wp\/v2\/pages\/7973\/revisions\/10504"}],"wp:featuredmedia":[{"embeddable":true,"href":"https:\/\/www.sistemal.com\/de\/wp-json\/wp\/v2\/media\/8431"}],"wp:attachment":[{"href":"https:\/\/www.sistemal.com\/de\/wp-json\/wp\/v2\/media?parent=7973"}],"curies":[{"name":"wp","href":"https:\/\/api.w.org\/{rel}","templated":true}]}}