{"id":7964,"date":"2022-03-04T14:40:48","date_gmt":"2022-03-04T11:40:48","guid":{"rendered":"http:\/\/www.sistemal.com\/de\/?page_id=7964"},"modified":"2025-05-28T13:13:11","modified_gmt":"2025-05-28T10:13:11","slug":"warum-aluminum","status":"publish","type":"page","link":"https:\/\/www.sistemal.com\/de\/warum-aluminum\/","title":{"rendered":"Warum Aluminum"},"content":{"rendered":"<section class=\"l-section wpb_row height_auto width_full\"><div class=\"l-section-h i-cf\"><div class=\"g-cols vc_row via_flex valign_top type_default stacking_default\"><div class=\"vc_col-sm-12 wpb_column vc_column_container\"><div class=\"vc_column-inner\"><div class=\"wpb_wrapper\"><div class=\"g-cols wpb_row via_flex valign_top type_default stacking_default\"><div class=\"vc_col-sm-12 wpb_column vc_column_container\"><div class=\"vc_column-inner\"><div class=\"wpb_wrapper\"><div class=\"wpb_text_column\"><div class=\"wpb_wrapper\"><p>Aluminium ist ein leichtes, hochfestes Metall, das sich leicht formen l\u00e4sst und mit Oberfl\u00e4chenbehandlungen f\u00fcr Korrosionsbest\u00e4ndigkeit und dekoratives Aussehen versehen werden kann. Aufgrund all dieser einzigartigen Eigenschaften wird es in fast allen Bereichen eingesetzt, auch in der modernen Bauindustrie. Wenn es um Architektur geht, begegnen wir Aluminium-Strangpressprofilen und Zubeh\u00f6r in jeder Phase der Bauindustrie, von der Terrasse und den T\u00fcren in unseren H\u00e4usern bis hin zu den h\u00f6chsten Wolkenkratzern.<\/p>\n<p>Aluminium ist eines der meistverwendeten Metalle in der modernen Industrie aufgrund der optimalen Kombination verschiedener Eigenschaften:<\/p>\n<\/div><\/div><\/div><\/div><\/div><\/div><\/div><\/div><\/div><\/div><\/div><\/section><section class=\"l-section wpb_row hide_on_tablets hide_on_mobiles height_small width_full\"><div class=\"l-section-h i-cf\"><div class=\"g-cols vc_row via_flex valign_top type_default stacking_default\"><div class=\"vc_col-sm-12 wpb_column vc_column_container\"><div class=\"vc_column-inner\"><div class=\"wpb_wrapper\"><div class=\"w-separator us_custom_ee03153f has_text_color size_medium with_line width_default thick_1 style_solid color_border align_center\"><div class=\"w-separator-h\"><\/div><\/div><div class=\"g-cols wpb_row via_flex valign_top type_default stacking_default\"><div class=\"vc_col-sm-4 wpb_column vc_column_container\"><div class=\"vc_column-inner us_custom_2a64dca1\"><div class=\"wpb_wrapper\"><div class=\"w-iconbox us_custom_b66e15e2 has_text_color iconpos_left style_default color_custom align_left icontype_img\"><div class=\"w-iconbox-icon\" style=\"font-size:3rem;--icon-color:#e8e8e8;--icon-bg-color:#f0f0f0;\"><img loading=\"lazy\" decoding=\"async\" width=\"50\" height=\"50\" src=\"https:\/\/www.sistemal.com\/de\/wp-content\/uploads\/2022\/03\/a6dcb49191e774d04bc433deca58d208-1592559138171.png\" class=\"attachment-full size-full\" alt=\"\" \/><\/div><div class=\"w-iconbox-meta\"><h6 class=\"w-iconbox-title\">Leicht<\/h6><div class=\"w-iconbox-text\"><p>Die geringe Dichte und das hohe Gewichts-\/Festigkeitsverh\u00e4ltnis von Aluminium bieten Vorteile in vielen industriellen Anwendungen.<\/p>\n<\/div><\/div><\/div><\/div><\/div><\/div><div class=\"vc_col-sm-4 wpb_column vc_column_container\"><div class=\"vc_column-inner us_custom_f1d64399\"><div class=\"wpb_wrapper\"><div class=\"w-iconbox us_custom_b66e15e2 has_text_color iconpos_left style_default color_custom align_left icontype_img\"><div class=\"w-iconbox-icon\" style=\"font-size:3rem;--icon-color:#e8e8e8;--icon-bg-color:#f0f0f0;\"><img loading=\"lazy\" decoding=\"async\" width=\"50\" height=\"48\" src=\"https:\/\/www.sistemal.com\/de\/wp-content\/uploads\/2022\/03\/abbf7e854a9248b5bda365c47fe7016a-1592559226938.png\" class=\"attachment-full size-full\" alt=\"\" \/><\/div><div class=\"w-iconbox-meta\"><h6 class=\"w-iconbox-title\">Leicht umformbar<\/h6><div class=\"w-iconbox-text\"><p>Mit Legierungen und geeigneten W\u00e4rmebehandlungen k\u00f6nnen seine mechanischen Eigenschaften ein Niveau erreichen, das mit dem von Stahl vergleichbar ist. Mit dieser Eigenschaft, Aluminium, Automobil, Verteidigung und Luftfahrt, Raumfahrt, Maschinenbau, etc. Es ist f\u00fcr die Sektoren unentbehrlich geworden.<\/p>\n<\/div><\/div><\/div><\/div><\/div><\/div><div class=\"vc_col-sm-4 wpb_column vc_column_container\"><div class=\"vc_column-inner us_custom_23dcc8e5\"><div class=\"wpb_wrapper\"><div class=\"w-iconbox us_custom_b66e15e2 has_text_color iconpos_left style_default color_custom align_left icontype_img\"><div class=\"w-iconbox-icon\" style=\"font-size:3rem;--icon-color:#e8e8e8;--icon-bg-color:#f0f0f0;\"><img loading=\"lazy\" decoding=\"async\" width=\"50\" height=\"50\" src=\"https:\/\/www.sistemal.com\/de\/wp-content\/uploads\/2022\/03\/c2162782c2feda54615a1b784d0249bf-1592559870496.png\" class=\"attachment-full size-full\" alt=\"\" \/><\/div><div class=\"w-iconbox-meta\"><h6 class=\"w-iconbox-title\">Wiederverwertbar<\/h6><div class=\"w-iconbox-text\"><p>Aluminium l\u00e4sst sich mit begrenzten Energiekosten leicht recyceln<\/p>\n<\/div><\/div><\/div><\/div><\/div><\/div><\/div><div class=\"w-separator us_custom_ee03153f has_text_color size_medium with_line width_default thick_1 style_solid color_border align_center\"><div class=\"w-separator-h\"><\/div><\/div><div class=\"g-cols wpb_row via_flex valign_top type_default stacking_default\"><div class=\"vc_col-sm-4 wpb_column vc_column_container\"><div class=\"vc_column-inner us_custom_9cfb4881\"><div class=\"wpb_wrapper\"><div class=\"w-iconbox us_custom_b66e15e2 has_text_color iconpos_left style_default color_custom align_left icontype_img\"><div class=\"w-iconbox-icon\" style=\"font-size:3rem;--icon-color:#e8e8e8;--icon-bg-color:#f0f0f0;\"><img loading=\"lazy\" decoding=\"async\" width=\"48\" height=\"50\" src=\"https:\/\/www.sistemal.com\/de\/wp-content\/uploads\/2022\/03\/56fd7198359308acd65e69f66f6e2132-1592559271063.png\" class=\"attachment-full size-full\" alt=\"\" \/><\/div><div class=\"w-iconbox-meta\"><h6 class=\"w-iconbox-title\">Leicht zu verarbeiten<\/h6><div class=\"w-iconbox-text\"><p>Aluminium hat durch seine Legierung eine hohe Zerspanungsleistung, die Zerspanbarkeit seiner Speziallegierungen ist durchaus mit der von Messing vergleichbar.<\/p>\n<\/div><\/div><\/div><\/div><\/div><\/div><div class=\"vc_col-sm-4 wpb_column vc_column_container\"><div class=\"vc_column-inner us_custom_9cfb4881\"><div class=\"wpb_wrapper\"><div class=\"w-iconbox us_custom_75217694 has_text_color iconpos_left style_default color_custom align_left icontype_img\"><div class=\"w-iconbox-icon\" style=\"font-size:3.3rem;--icon-color:#e8e8e8;--icon-bg-color:#f0f0f0;\"><img loading=\"lazy\" decoding=\"async\" width=\"50\" height=\"50\" src=\"https:\/\/www.sistemal.com\/de\/wp-content\/uploads\/2025\/05\/langlebig-und-widerstandsfahig-gegen-verschleiss.png\" class=\"attachment-full size-full\" alt=\"\" \/><\/div><div class=\"w-iconbox-meta\"><h6 class=\"w-iconbox-title\">Langlebig und widerstandsf\u00e4hig gegen Verschlei\u00df<\/h6><div class=\"w-iconbox-text\"><p>Oberfl\u00e4chenschutz kann durch die Erh\u00f6hung der nat\u00fcrlichen sch\u00fctzenden Oxidschicht mit anodischen Oxidationsverfahren erreicht werden, die auf Aluminium angewendet werden k\u00f6nnen.<\/p>\n<\/div><\/div><\/div><\/div><\/div><\/div><div class=\"vc_col-sm-4 wpb_column vc_column_container\"><div class=\"vc_column-inner us_custom_23dcc8e5\"><div class=\"wpb_wrapper\"><div class=\"w-iconbox us_custom_b66e15e2 has_text_color iconpos_left style_default color_custom align_left icontype_img\"><div class=\"w-iconbox-icon\" style=\"font-size:2rem;--icon-color:#e8e8e8;--icon-bg-color:#f0f0f0;\"><img loading=\"lazy\" decoding=\"async\" width=\"25\" height=\"50\" src=\"https:\/\/www.sistemal.com\/de\/wp-content\/uploads\/2022\/03\/01c91f3c5d4abe74b9a05d6d9b6af936-1592559776597.png\" class=\"attachment-full size-full\" alt=\"\" \/><\/div><div class=\"w-iconbox-meta\"><h6 class=\"w-iconbox-title\">Erh\u00f6ht die elektrische und thermische Leitf\u00e4higkeit<\/h6><div class=\"w-iconbox-text\"><p>Aluminium hat eine ausgezeichnete spezifische elektrische Leitf\u00e4higkeit, die es f\u00fcr elektrische und elektronische Anwendungen unentbehrlich macht. Dar\u00fcber hinaus kann es in allen Anwendungen bevorzugt werden, in denen W\u00e4rmeleitung erforderlich ist.<\/p>\n<\/div><\/div><\/div><\/div><\/div><\/div><\/div><div class=\"w-separator us_custom_ee03153f has_text_color size_medium with_line width_default thick_1 style_solid color_border align_center\"><div class=\"w-separator-h\"><\/div><\/div><div class=\"g-cols wpb_row via_flex valign_top type_default stacking_default\"><div class=\"vc_col-sm-4 wpb_column vc_column_container\"><div class=\"vc_column-inner us_custom_9cfb4881\"><div class=\"wpb_wrapper\"><div class=\"w-iconbox us_custom_b66e15e2 has_text_color iconpos_left style_default color_custom align_left icontype_img\"><div class=\"w-iconbox-icon\" style=\"font-size:3rem;--icon-color:#e8e8e8;--icon-bg-color:#f0f0f0;\"><img loading=\"lazy\" decoding=\"async\" width=\"43\" height=\"50\" src=\"https:\/\/www.sistemal.com\/de\/wp-content\/uploads\/2022\/03\/3ee1af1b1a54d73abc5eaa3cdd3a2a27-1592559179255.png\" class=\"attachment-full size-full\" alt=\"\" \/><\/div><div class=\"w-iconbox-meta\"><h6 class=\"w-iconbox-title\">Langlebig<\/h6><div class=\"w-iconbox-text\"><p>Mit Legierungen und geeigneten W\u00e4rmebehandlungen k\u00f6nnen seine mechanischen Eigenschaften ein Niveau erreichen, das mit dem von Stahl vergleichbar ist. Mit dieser Eigenschaft, Aluminium, Automobil, Verteidigung und Luftfahrt, Raumfahrt, Maschinenbau, etc. Es ist f\u00fcr die Sektoren unentbehrlich geworden.<\/p>\n<\/div><\/div><\/div><\/div><\/div><\/div><div class=\"vc_col-sm-4 wpb_column vc_column_container\"><div class=\"vc_column-inner us_custom_9cfb4881\"><div class=\"wpb_wrapper\"><\/div><\/div><\/div><div class=\"vc_col-sm-4 wpb_column vc_column_container\"><div class=\"vc_column-inner us_custom_23dcc8e5\"><div class=\"wpb_wrapper\"><\/div><\/div><\/div><\/div><\/div><\/div><\/div><\/div><\/div><\/section>\n","protected":false},"excerpt":{"rendered":"Aluminium ist ein leichtes, hochfestes Metall, das sich leicht formen l\u00e4sst und mit Oberfl\u00e4chenbehandlungen f\u00fcr Korrosionsbest\u00e4ndigkeit und dekoratives Aussehen versehen werden kann. Aufgrund all dieser einzigartigen Eigenschaften wird es in fast allen Bereichen eingesetzt, auch in der modernen Bauindustrie. Wenn es um Architektur geht, begegnen wir Aluminium-Strangpressprofilen und Zubeh\u00f6r in jeder Phase der Bauindustrie, von...","protected":false},"author":1,"featured_media":9066,"parent":0,"menu_order":0,"comment_status":"closed","ping_status":"closed","template":"","meta":{"_acf_changed":false,"footnotes":""},"class_list":["post-7964","page","type-page","status-publish","has-post-thumbnail","hentry"],"acf":[],"yoast_head":"<!-- This site is optimized with the Yoast SEO plugin v20.5 - https:\/\/yoast.com\/wordpress\/plugins\/seo\/ -->\n<title>Warum Aluminum - Sistem Aluminium<\/title>\n<meta name=\"robots\" content=\"index, follow, max-snippet:-1, max-image-preview:large, max-video-preview:-1\" \/>\n<link rel=\"canonical\" href=\"https:\/\/www.sistemal.com\/de\/warum-aluminum\/\" \/>\n<meta property=\"og:locale\" content=\"de_DE\" \/>\n<meta property=\"og:type\" content=\"article\" \/>\n<meta property=\"og:title\" content=\"Warum Aluminum - Sistem Aluminium\" \/>\n<meta property=\"og:url\" content=\"https:\/\/www.sistemal.com\/de\/warum-aluminum\/\" \/>\n<meta property=\"og:site_name\" content=\"Sistem Aluminium\" \/>\n<meta property=\"article:modified_time\" content=\"2025-05-28T10:13:11+00:00\" \/>\n<meta property=\"og:image\" content=\"https:\/\/www.sistemal.com\/de\/wp-content\/uploads\/2022\/03\/271052373303de511d510fea184d94e4-1592553361743-scaled.jpg\" \/>\n\t<meta property=\"og:image:width\" content=\"2560\" \/>\n\t<meta property=\"og:image:height\" content=\"896\" \/>\n\t<meta property=\"og:image:type\" content=\"image\/jpeg\" \/>\n<meta name=\"twitter:card\" content=\"summary_large_image\" \/>\n<meta name=\"twitter:label1\" content=\"Gesch\u00e4tzte Lesezeit\" \/>\n\t<meta name=\"twitter:data1\" content=\"3\u00a0Minuten\" \/>\n<script type=\"application\/ld+json\" class=\"yoast-schema-graph\">{\"@context\":\"https:\/\/schema.org\",\"@graph\":[{\"@type\":\"WebPage\",\"@id\":\"https:\/\/www.sistemal.com\/de\/warum-aluminum\/\",\"url\":\"https:\/\/www.sistemal.com\/de\/warum-aluminum\/\",\"name\":\"Warum Aluminum - Sistem Aluminium\",\"isPartOf\":{\"@id\":\"https:\/\/www.sistemal.com\/de\/#website\"},\"datePublished\":\"2022-03-04T11:40:48+00:00\",\"dateModified\":\"2025-05-28T10:13:11+00:00\",\"breadcrumb\":{\"@id\":\"https:\/\/www.sistemal.com\/de\/warum-aluminum\/#breadcrumb\"},\"inLanguage\":\"de\",\"potentialAction\":[{\"@type\":\"ReadAction\",\"target\":[\"https:\/\/www.sistemal.com\/de\/warum-aluminum\/\"]}]},{\"@type\":\"BreadcrumbList\",\"@id\":\"https:\/\/www.sistemal.com\/de\/warum-aluminum\/#breadcrumb\",\"itemListElement\":[{\"@type\":\"ListItem\",\"position\":1,\"name\":\"Startseite\",\"item\":\"https:\/\/www.sistemal.com\/de\/\"},{\"@type\":\"ListItem\",\"position\":2,\"name\":\"Warum Aluminum\"}]},{\"@type\":\"WebSite\",\"@id\":\"https:\/\/www.sistemal.com\/de\/#website\",\"url\":\"https:\/\/www.sistemal.com\/de\/\",\"name\":\"Sistem Aluminium\",\"description\":\"\",\"potentialAction\":[{\"@type\":\"SearchAction\",\"target\":{\"@type\":\"EntryPoint\",\"urlTemplate\":\"https:\/\/www.sistemal.com\/de\/?s={search_term_string}\"},\"query-input\":\"required name=search_term_string\"}],\"inLanguage\":\"de\"}]}<\/script>\n<!-- \/ Yoast SEO plugin. -->","yoast_head_json":{"title":"Warum Aluminum - Sistem Aluminium","robots":{"index":"index","follow":"follow","max-snippet":"max-snippet:-1","max-image-preview":"max-image-preview:large","max-video-preview":"max-video-preview:-1"},"canonical":"https:\/\/www.sistemal.com\/de\/warum-aluminum\/","og_locale":"de_DE","og_type":"article","og_title":"Warum Aluminum - Sistem Aluminium","og_url":"https:\/\/www.sistemal.com\/de\/warum-aluminum\/","og_site_name":"Sistem Aluminium","article_modified_time":"2025-05-28T10:13:11+00:00","og_image":[{"width":2560,"height":896,"url":"https:\/\/www.sistemal.com\/de\/wp-content\/uploads\/2022\/03\/271052373303de511d510fea184d94e4-1592553361743-scaled.jpg","type":"image\/jpeg"}],"twitter_card":"summary_large_image","twitter_misc":{"Gesch\u00e4tzte Lesezeit":"3\u00a0Minuten"},"schema":{"@context":"https:\/\/schema.org","@graph":[{"@type":"WebPage","@id":"https:\/\/www.sistemal.com\/de\/warum-aluminum\/","url":"https:\/\/www.sistemal.com\/de\/warum-aluminum\/","name":"Warum Aluminum - Sistem Aluminium","isPartOf":{"@id":"https:\/\/www.sistemal.com\/de\/#website"},"datePublished":"2022-03-04T11:40:48+00:00","dateModified":"2025-05-28T10:13:11+00:00","breadcrumb":{"@id":"https:\/\/www.sistemal.com\/de\/warum-aluminum\/#breadcrumb"},"inLanguage":"de","potentialAction":[{"@type":"ReadAction","target":["https:\/\/www.sistemal.com\/de\/warum-aluminum\/"]}]},{"@type":"BreadcrumbList","@id":"https:\/\/www.sistemal.com\/de\/warum-aluminum\/#breadcrumb","itemListElement":[{"@type":"ListItem","position":1,"name":"Startseite","item":"https:\/\/www.sistemal.com\/de\/"},{"@type":"ListItem","position":2,"name":"Warum Aluminum"}]},{"@type":"WebSite","@id":"https:\/\/www.sistemal.com\/de\/#website","url":"https:\/\/www.sistemal.com\/de\/","name":"Sistem Aluminium","description":"","potentialAction":[{"@type":"SearchAction","target":{"@type":"EntryPoint","urlTemplate":"https:\/\/www.sistemal.com\/de\/?s={search_term_string}"},"query-input":"required name=search_term_string"}],"inLanguage":"de"}]}},"_links":{"self":[{"href":"https:\/\/www.sistemal.com\/de\/wp-json\/wp\/v2\/pages\/7964"}],"collection":[{"href":"https:\/\/www.sistemal.com\/de\/wp-json\/wp\/v2\/pages"}],"about":[{"href":"https:\/\/www.sistemal.com\/de\/wp-json\/wp\/v2\/types\/page"}],"author":[{"embeddable":true,"href":"https:\/\/www.sistemal.com\/de\/wp-json\/wp\/v2\/users\/1"}],"replies":[{"embeddable":true,"href":"https:\/\/www.sistemal.com\/de\/wp-json\/wp\/v2\/comments?post=7964"}],"version-history":[{"count":38,"href":"https:\/\/www.sistemal.com\/de\/wp-json\/wp\/v2\/pages\/7964\/revisions"}],"predecessor-version":[{"id":11175,"href":"https:\/\/www.sistemal.com\/de\/wp-json\/wp\/v2\/pages\/7964\/revisions\/11175"}],"wp:featuredmedia":[{"embeddable":true,"href":"https:\/\/www.sistemal.com\/de\/wp-json\/wp\/v2\/media\/9066"}],"wp:attachment":[{"href":"https:\/\/www.sistemal.com\/de\/wp-json\/wp\/v2\/media?parent=7964"}],"curies":[{"name":"wp","href":"https:\/\/api.w.org\/{rel}","templated":true}]}}