{"id":7962,"date":"2022-03-04T14:40:36","date_gmt":"2022-03-04T11:40:36","guid":{"rendered":"http:\/\/www.sistemal.com\/de\/?page_id=7962"},"modified":"2024-06-11T10:06:51","modified_gmt":"2024-06-11T07:06:51","slug":"unsere-anlagen","status":"publish","type":"page","link":"https:\/\/www.sistemal.com\/de\/unsere-anlagen\/","title":{"rendered":"Unsere Anlagen"},"content":{"rendered":"<section class=\"l-section wpb_row height_auto\"><div class=\"l-section-h i-cf\"><div class=\"g-cols vc_row via_flex valign_top type_default stacking_default\"><div class=\"vc_col-sm-12 wpb_column vc_column_container\"><div class=\"vc_column-inner\"><div class=\"wpb_wrapper\"><div class=\"g-cols wpb_row via_flex valign_top type_default stacking_default\"><div class=\"vc_col-sm-6 wpb_column vc_column_container\"><div class=\"vc_column-inner type_sticky\"><div class=\"wpb_wrapper\"><div class=\"w-image style_shadow-1 align_none\"><a ref=\"magnificPopup\" href=\"https:\/\/www.sistemal.com\/de\/wp-content\/uploads\/2022\/03\/37cc7fb1428c7bdb0242f68545330068-1631176206029.jpg\" aria-label=\"37cc7fb1428c7bdb0242f68545330068-1631176206029\" class=\"w-image-h\"><img decoding=\"async\" width=\"600\" height=\"342\" src=\"https:\/\/www.sistemal.com\/de\/wp-content\/uploads\/2022\/03\/37cc7fb1428c7bdb0242f68545330068-1631176206029.jpg\" class=\"attachment-full size-full\" alt=\"\" loading=\"lazy\" srcset=\"https:\/\/www.sistemal.com\/de\/wp-content\/uploads\/2022\/03\/37cc7fb1428c7bdb0242f68545330068-1631176206029.jpg 600w, https:\/\/www.sistemal.com\/de\/wp-content\/uploads\/2022\/03\/37cc7fb1428c7bdb0242f68545330068-1631176206029-300x171.jpg 300w\" sizes=\"(max-width: 600px) 100vw, 600px\" \/><\/a><\/div><\/div><\/div><\/div><div class=\"vc_col-sm-6 wpb_column vc_column_container\"><div class=\"vc_column-inner\"><div class=\"wpb_wrapper\"><h4 class=\"w-text\"><span class=\"w-text-h\"><span class=\"w-text-value\">Unsere Gesch\u00e4ftsstelle in Istanbul<\/span><\/span><\/h4><div class=\"w-separator size_custom with_line width_default thick_1 style_solid color_border align_center\" style=\"height:10px\"><div class=\"w-separator-h\"><\/div><\/div><div class=\"wpb_text_column\"><div class=\"wpb_wrapper\"><p>In unserer Gesch\u00e4ftsstelle in Istanbul sind wir weiterhin mit unseren nationalen und internationalen Abteilungen f\u00fcr den Verkauf von Aluminiumprofilen, Verbundwerkstoffen, Architektursystemen, F&amp;E, Buchhaltung, Finanzen und Unternehmenskommunikation t\u00e4tig.<\/p>\n<\/div><\/div><\/div><\/div><\/div><\/div><div class=\"w-separator size_huge\"><\/div><div class=\"g-cols wpb_row via_flex valign_top type_default stacking_default\"><div class=\"vc_col-sm-6 wpb_column vc_column_container\"><div class=\"vc_column-inner\"><div class=\"wpb_wrapper\"><div class=\"w-image style_shadow-1 align_none\"><a ref=\"magnificPopup\" href=\"https:\/\/www.sistemal.com\/de\/wp-content\/uploads\/2022\/06\/SISTEM-ALUMINYUM-2021-DRONE-scaled-1.jpg\" aria-label=\"SISTEM-ALUMINYUM-2021-DRONE-scaled\" class=\"w-image-h\"><img decoding=\"async\" width=\"2560\" height=\"1920\" src=\"https:\/\/www.sistemal.com\/de\/wp-content\/uploads\/2022\/06\/SISTEM-ALUMINYUM-2021-DRONE-scaled-1.jpg\" class=\"attachment-full size-full\" alt=\"\" loading=\"lazy\" srcset=\"https:\/\/www.sistemal.com\/de\/wp-content\/uploads\/2022\/06\/SISTEM-ALUMINYUM-2021-DRONE-scaled-1.jpg 2560w, https:\/\/www.sistemal.com\/de\/wp-content\/uploads\/2022\/06\/SISTEM-ALUMINYUM-2021-DRONE-scaled-1-300x225.jpg 300w, https:\/\/www.sistemal.com\/de\/wp-content\/uploads\/2022\/06\/SISTEM-ALUMINYUM-2021-DRONE-scaled-1-1024x768.jpg 1024w, https:\/\/www.sistemal.com\/de\/wp-content\/uploads\/2022\/06\/SISTEM-ALUMINYUM-2021-DRONE-scaled-1-1536x1152.jpg 1536w\" sizes=\"(max-width: 2560px) 100vw, 2560px\" \/><\/a><\/div><\/div><\/div><\/div><div class=\"vc_col-sm-6 wpb_column vc_column_container\"><div class=\"vc_column-inner\"><div class=\"wpb_wrapper\"><h4 class=\"w-text\"><span class=\"w-text-h\"><span class=\"w-text-value\">Unsere Ergene-Tekirda\u011f Anlage<\/span><\/span><\/h4><div class=\"w-separator size_custom with_line width_default thick_1 style_solid color_border align_center\" style=\"height:10px\"><div class=\"w-separator-h\"><\/div><\/div><div class=\"wpb_text_column\"><div class=\"wpb_wrapper\"><p>Die Produktion erfolgt in unserem Werk mit neun Strangpresslinien mit einer j\u00e4hrlichen Gesamtkapazit\u00e4t von 103.000 Tonnen. Unsere Fabrik umfasst auch drei Linien f\u00fcr Aluminiumverbundsplatten (ACP) mit einer j\u00e4hrlichen Produktionskapazit\u00e4t von 9.000.000 m\u00b2.<\/p>\n<p>Unsere Fabrik ist einer mit einer Gie\u00dferei, Werkzeugbau, elektrostatische Pulverlackierung, Anodisierung, mechanische Bearbeitungszentrale und Schmiedpresse vollintegriert und einer der modernsten Anlagen in der T\u00fcrkei.<\/p>\n<\/div><\/div><\/div><\/div><\/div><\/div><\/div><\/div><\/div><\/div><\/div><\/section>\n","protected":false},"excerpt":{"rendered":"Unsere Gesch\u00e4ftsstelle in IstanbulIn unserer Gesch\u00e4ftsstelle in Istanbul sind wir weiterhin mit unseren nationalen und internationalen Abteilungen f\u00fcr den Verkauf von Aluminiumprofilen, Verbundwerkstoffen, Architektursystemen, F&amp;E, Buchhaltung, Finanzen und Unternehmenskommunikation t\u00e4tig. Unsere Ergene-Tekirda\u011f AnlageDie Produktion erfolgt in unserem Werk mit neun Strangpresslinien mit einer j\u00e4hrlichen Gesamtkapazit\u00e4t von 103.000 Tonnen. Unsere Fabrik umfasst auch drei Linien f\u00fcr...","protected":false},"author":1,"featured_media":0,"parent":0,"menu_order":0,"comment_status":"closed","ping_status":"closed","template":"","meta":{"_acf_changed":false,"footnotes":""},"class_list":["post-7962","page","type-page","status-publish","hentry"],"acf":[],"yoast_head":"<!-- This site is optimized with the Yoast SEO plugin v20.5 - https:\/\/yoast.com\/wordpress\/plugins\/seo\/ -->\n<title>Unsere Anlagen - Sistem Aluminium<\/title>\n<meta name=\"robots\" content=\"index, follow, max-snippet:-1, max-image-preview:large, max-video-preview:-1\" \/>\n<link rel=\"canonical\" href=\"https:\/\/www.sistemal.com\/de\/unsere-anlagen\/\" \/>\n<meta property=\"og:locale\" content=\"de_DE\" \/>\n<meta property=\"og:type\" content=\"article\" \/>\n<meta property=\"og:title\" content=\"Unsere Anlagen - Sistem Aluminium\" \/>\n<meta property=\"og:url\" content=\"https:\/\/www.sistemal.com\/de\/unsere-anlagen\/\" \/>\n<meta property=\"og:site_name\" content=\"Sistem Aluminium\" \/>\n<meta property=\"article:modified_time\" content=\"2024-06-11T07:06:51+00:00\" \/>\n<meta name=\"twitter:card\" content=\"summary_large_image\" \/>\n<meta name=\"twitter:label1\" content=\"Gesch\u00e4tzte Lesezeit\" \/>\n\t<meta name=\"twitter:data1\" content=\"1\u00a0Minute\" \/>\n<script type=\"application\/ld+json\" class=\"yoast-schema-graph\">{\"@context\":\"https:\/\/schema.org\",\"@graph\":[{\"@type\":\"WebPage\",\"@id\":\"https:\/\/www.sistemal.com\/de\/unsere-anlagen\/\",\"url\":\"https:\/\/www.sistemal.com\/de\/unsere-anlagen\/\",\"name\":\"Unsere Anlagen - Sistem Aluminium\",\"isPartOf\":{\"@id\":\"https:\/\/www.sistemal.com\/de\/#website\"},\"datePublished\":\"2022-03-04T11:40:36+00:00\",\"dateModified\":\"2024-06-11T07:06:51+00:00\",\"breadcrumb\":{\"@id\":\"https:\/\/www.sistemal.com\/de\/unsere-anlagen\/#breadcrumb\"},\"inLanguage\":\"de\",\"potentialAction\":[{\"@type\":\"ReadAction\",\"target\":[\"https:\/\/www.sistemal.com\/de\/unsere-anlagen\/\"]}]},{\"@type\":\"BreadcrumbList\",\"@id\":\"https:\/\/www.sistemal.com\/de\/unsere-anlagen\/#breadcrumb\",\"itemListElement\":[{\"@type\":\"ListItem\",\"position\":1,\"name\":\"Startseite\",\"item\":\"https:\/\/www.sistemal.com\/de\/\"},{\"@type\":\"ListItem\",\"position\":2,\"name\":\"Unsere Anlagen\"}]},{\"@type\":\"WebSite\",\"@id\":\"https:\/\/www.sistemal.com\/de\/#website\",\"url\":\"https:\/\/www.sistemal.com\/de\/\",\"name\":\"Sistem Aluminium\",\"description\":\"\",\"potentialAction\":[{\"@type\":\"SearchAction\",\"target\":{\"@type\":\"EntryPoint\",\"urlTemplate\":\"https:\/\/www.sistemal.com\/de\/?s={search_term_string}\"},\"query-input\":\"required name=search_term_string\"}],\"inLanguage\":\"de\"}]}<\/script>\n<!-- \/ Yoast SEO plugin. -->","yoast_head_json":{"title":"Unsere Anlagen - Sistem Aluminium","robots":{"index":"index","follow":"follow","max-snippet":"max-snippet:-1","max-image-preview":"max-image-preview:large","max-video-preview":"max-video-preview:-1"},"canonical":"https:\/\/www.sistemal.com\/de\/unsere-anlagen\/","og_locale":"de_DE","og_type":"article","og_title":"Unsere Anlagen - Sistem Aluminium","og_url":"https:\/\/www.sistemal.com\/de\/unsere-anlagen\/","og_site_name":"Sistem Aluminium","article_modified_time":"2024-06-11T07:06:51+00:00","twitter_card":"summary_large_image","twitter_misc":{"Gesch\u00e4tzte Lesezeit":"1\u00a0Minute"},"schema":{"@context":"https:\/\/schema.org","@graph":[{"@type":"WebPage","@id":"https:\/\/www.sistemal.com\/de\/unsere-anlagen\/","url":"https:\/\/www.sistemal.com\/de\/unsere-anlagen\/","name":"Unsere Anlagen - Sistem Aluminium","isPartOf":{"@id":"https:\/\/www.sistemal.com\/de\/#website"},"datePublished":"2022-03-04T11:40:36+00:00","dateModified":"2024-06-11T07:06:51+00:00","breadcrumb":{"@id":"https:\/\/www.sistemal.com\/de\/unsere-anlagen\/#breadcrumb"},"inLanguage":"de","potentialAction":[{"@type":"ReadAction","target":["https:\/\/www.sistemal.com\/de\/unsere-anlagen\/"]}]},{"@type":"BreadcrumbList","@id":"https:\/\/www.sistemal.com\/de\/unsere-anlagen\/#breadcrumb","itemListElement":[{"@type":"ListItem","position":1,"name":"Startseite","item":"https:\/\/www.sistemal.com\/de\/"},{"@type":"ListItem","position":2,"name":"Unsere Anlagen"}]},{"@type":"WebSite","@id":"https:\/\/www.sistemal.com\/de\/#website","url":"https:\/\/www.sistemal.com\/de\/","name":"Sistem Aluminium","description":"","potentialAction":[{"@type":"SearchAction","target":{"@type":"EntryPoint","urlTemplate":"https:\/\/www.sistemal.com\/de\/?s={search_term_string}"},"query-input":"required name=search_term_string"}],"inLanguage":"de"}]}},"_links":{"self":[{"href":"https:\/\/www.sistemal.com\/de\/wp-json\/wp\/v2\/pages\/7962"}],"collection":[{"href":"https:\/\/www.sistemal.com\/de\/wp-json\/wp\/v2\/pages"}],"about":[{"href":"https:\/\/www.sistemal.com\/de\/wp-json\/wp\/v2\/types\/page"}],"author":[{"embeddable":true,"href":"https:\/\/www.sistemal.com\/de\/wp-json\/wp\/v2\/users\/1"}],"replies":[{"embeddable":true,"href":"https:\/\/www.sistemal.com\/de\/wp-json\/wp\/v2\/comments?post=7962"}],"version-history":[{"count":14,"href":"https:\/\/www.sistemal.com\/de\/wp-json\/wp\/v2\/pages\/7962\/revisions"}],"predecessor-version":[{"id":10552,"href":"https:\/\/www.sistemal.com\/de\/wp-json\/wp\/v2\/pages\/7962\/revisions\/10552"}],"wp:attachment":[{"href":"https:\/\/www.sistemal.com\/de\/wp-json\/wp\/v2\/media?parent=7962"}],"curies":[{"name":"wp","href":"https:\/\/api.w.org\/{rel}","templated":true}]}}