{"id":7958,"date":"2022-03-04T14:39:40","date_gmt":"2022-03-04T11:39:40","guid":{"rendered":"http:\/\/www.sistemal.com\/de\/?page_id=7958"},"modified":"2025-04-14T17:40:44","modified_gmt":"2025-04-14T14:40:44","slug":"vision-mission","status":"publish","type":"page","link":"https:\/\/www.sistemal.com\/de\/vision-mission\/","title":{"rendered":"Vision &#038; Mission"},"content":{"rendered":"<section class=\"l-section wpb_row height_auto\"><div class=\"l-section-h i-cf\"><div class=\"g-cols vc_row via_flex valign_top type_default stacking_default\"><div class=\"vc_col-sm-12 wpb_column vc_column_container\"><div class=\"vc_column-inner\"><div class=\"wpb_wrapper\"><div class=\"g-cols wpb_row via_flex valign_top type_default stacking_default\"><div class=\"vc_col-sm-6 wpb_column vc_column_container\"><div class=\"vc_column-inner\"><div class=\"wpb_wrapper\"><div class=\"w-ibanner us_custom_6a54addb has_text_color animation_aphelia ratio_3x2 easing_ease\"><div class=\"w-ibanner-h\"><div class=\"w-ibanner-image\" style=\"background-image: url(https:\/\/www.sistemal.com\/de\/wp-content\/uploads\/2022\/03\/2561677.jpg)\"><\/div><div class=\"w-ibanner-content\"><div class=\"w-ibanner-content-h\"><h2 class=\"w-ibanner-title\">Unsere Vision<\/h2><div class=\"w-ibanner-desc\"><p>Die Zukunft des Aluminiums mitgestalten.<\/p>\n<\/div><\/div><\/div><\/div><\/div><\/div><\/div><\/div><div class=\"vc_col-sm-6 wpb_column vc_column_container\"><div class=\"vc_column-inner\"><div class=\"wpb_wrapper\"><div class=\"w-ibanner us_custom_6a54addb has_text_color animation_aphelia ratio_3x2 easing_ease\"><div class=\"w-ibanner-h\"><div class=\"w-ibanner-image\" style=\"background-image: url(https:\/\/www.sistemal.com\/de\/wp-content\/uploads\/2022\/03\/113200270.jpg)\"><\/div><div class=\"w-ibanner-content\"><div class=\"w-ibanner-content-h\"><h2 class=\"w-ibanner-title\">Unsere Mission<\/h2><div class=\"w-ibanner-desc\"><p>Die Erwartungen unserer Partner auf h\u00f6chstem Niveau zu erf\u00fcllen, indem wir die Branche mit nachhaltigen innovativen L\u00f6sungen, menschenorientierten und umweltbewussten Ans\u00e4tzen f\u00fchren.<\/p>\n<\/div><\/div><\/div><\/div><\/div><\/div><\/div><\/div><\/div><div class=\"w-separator size_medium\"><\/div><div class=\"wpb_text_column\"><div class=\"wpb_wrapper\"><h3>Unsere Werte<\/h3>\n<\/div><\/div><div class=\"wpb_text_column\"><div class=\"wpb_wrapper\"><p><strong>Sistem Al\u00fcminyum Sanayi ve Ticaret A.\u015e.<\/strong><\/p>\n<p><strong>ist ein Unternehmen welches:<\/strong><\/p>\n<p>\u2022 Respektabel,<br \/>\n\u2022 Innovativ,<br \/>\n\u2022 Vertrauensw\u00fcrdig,<br \/>\n\u2022 Umweltfreundlich,<br \/>\n\u2022 Wertsch\u00e4tzung von Menschen,<br \/>\n\u2022 Wertsch\u00e4tzung von Bildung,<br \/>\n\u2022 Wertsch\u00e4tzung des Miteinander,<br \/>\n\u2022 Kunden- und l\u00f6sungsorientiert,<br \/>\n\u2022 Nachhaltiges Wachstum als Prinzip annimmt<\/p>\n<\/div><\/div><\/div><\/div><\/div><\/div><\/div><\/section>\n","protected":false},"excerpt":{"rendered":"Unsere VisionDie Zukunft des Aluminiums mitgestalten. Unsere MissionDie Erwartungen unserer Partner auf h\u00f6chstem Niveau zu erf\u00fcllen, indem wir die Branche mit nachhaltigen innovativen L\u00f6sungen, menschenorientierten und umweltbewussten Ans\u00e4tzen f\u00fchren. Unsere Werte Sistem Al\u00fcminyum Sanayi ve Ticaret A.\u015e. ist ein Unternehmen welches: \u2022 Respektabel, \u2022 Innovativ, \u2022 Vertrauensw\u00fcrdig, \u2022 Umweltfreundlich, \u2022 Wertsch\u00e4tzung von Menschen, \u2022 Wertsch\u00e4tzung...","protected":false},"author":1,"featured_media":8423,"parent":0,"menu_order":0,"comment_status":"closed","ping_status":"closed","template":"","meta":{"_acf_changed":false,"footnotes":""},"class_list":["post-7958","page","type-page","status-publish","has-post-thumbnail","hentry"],"acf":[],"yoast_head":"<!-- This site is optimized with the Yoast SEO plugin v20.5 - https:\/\/yoast.com\/wordpress\/plugins\/seo\/ -->\n<title>Vision &amp; Mission - Sistem Aluminium<\/title>\n<meta name=\"robots\" content=\"index, follow, max-snippet:-1, max-image-preview:large, max-video-preview:-1\" \/>\n<link rel=\"canonical\" href=\"https:\/\/www.sistemal.com\/de\/vision-mission\/\" \/>\n<meta property=\"og:locale\" content=\"de_DE\" \/>\n<meta property=\"og:type\" content=\"article\" \/>\n<meta property=\"og:title\" content=\"Vision &amp; Mission - Sistem Aluminium\" \/>\n<meta property=\"og:url\" content=\"https:\/\/www.sistemal.com\/de\/vision-mission\/\" \/>\n<meta property=\"og:site_name\" content=\"Sistem Aluminium\" \/>\n<meta property=\"article:modified_time\" content=\"2025-04-14T14:40:44+00:00\" \/>\n<meta property=\"og:image\" content=\"https:\/\/www.sistemal.com\/de\/wp-content\/uploads\/2022\/03\/5ad35821ad47604634f3965e969c4b52-1597823024857-scaled.jpg\" \/>\n\t<meta property=\"og:image:width\" content=\"2560\" \/>\n\t<meta property=\"og:image:height\" content=\"896\" \/>\n\t<meta property=\"og:image:type\" content=\"image\/jpeg\" \/>\n<meta name=\"twitter:card\" content=\"summary_large_image\" \/>\n<meta name=\"twitter:label1\" content=\"Gesch\u00e4tzte Lesezeit\" \/>\n\t<meta name=\"twitter:data1\" content=\"1\u00a0Minute\" \/>\n<script type=\"application\/ld+json\" class=\"yoast-schema-graph\">{\"@context\":\"https:\/\/schema.org\",\"@graph\":[{\"@type\":\"WebPage\",\"@id\":\"https:\/\/www.sistemal.com\/de\/vision-mission\/\",\"url\":\"https:\/\/www.sistemal.com\/de\/vision-mission\/\",\"name\":\"Vision & Mission - Sistem Aluminium\",\"isPartOf\":{\"@id\":\"https:\/\/www.sistemal.com\/de\/#website\"},\"datePublished\":\"2022-03-04T11:39:40+00:00\",\"dateModified\":\"2025-04-14T14:40:44+00:00\",\"breadcrumb\":{\"@id\":\"https:\/\/www.sistemal.com\/de\/vision-mission\/#breadcrumb\"},\"inLanguage\":\"de\",\"potentialAction\":[{\"@type\":\"ReadAction\",\"target\":[\"https:\/\/www.sistemal.com\/de\/vision-mission\/\"]}]},{\"@type\":\"BreadcrumbList\",\"@id\":\"https:\/\/www.sistemal.com\/de\/vision-mission\/#breadcrumb\",\"itemListElement\":[{\"@type\":\"ListItem\",\"position\":1,\"name\":\"Startseite\",\"item\":\"https:\/\/www.sistemal.com\/de\/\"},{\"@type\":\"ListItem\",\"position\":2,\"name\":\"Vision &#038; Mission\"}]},{\"@type\":\"WebSite\",\"@id\":\"https:\/\/www.sistemal.com\/de\/#website\",\"url\":\"https:\/\/www.sistemal.com\/de\/\",\"name\":\"Sistem Aluminium\",\"description\":\"\",\"potentialAction\":[{\"@type\":\"SearchAction\",\"target\":{\"@type\":\"EntryPoint\",\"urlTemplate\":\"https:\/\/www.sistemal.com\/de\/?s={search_term_string}\"},\"query-input\":\"required name=search_term_string\"}],\"inLanguage\":\"de\"}]}<\/script>\n<!-- \/ Yoast SEO plugin. -->","yoast_head_json":{"title":"Vision & Mission - Sistem Aluminium","robots":{"index":"index","follow":"follow","max-snippet":"max-snippet:-1","max-image-preview":"max-image-preview:large","max-video-preview":"max-video-preview:-1"},"canonical":"https:\/\/www.sistemal.com\/de\/vision-mission\/","og_locale":"de_DE","og_type":"article","og_title":"Vision & Mission - Sistem Aluminium","og_url":"https:\/\/www.sistemal.com\/de\/vision-mission\/","og_site_name":"Sistem Aluminium","article_modified_time":"2025-04-14T14:40:44+00:00","og_image":[{"width":2560,"height":896,"url":"https:\/\/www.sistemal.com\/de\/wp-content\/uploads\/2022\/03\/5ad35821ad47604634f3965e969c4b52-1597823024857-scaled.jpg","type":"image\/jpeg"}],"twitter_card":"summary_large_image","twitter_misc":{"Gesch\u00e4tzte Lesezeit":"1\u00a0Minute"},"schema":{"@context":"https:\/\/schema.org","@graph":[{"@type":"WebPage","@id":"https:\/\/www.sistemal.com\/de\/vision-mission\/","url":"https:\/\/www.sistemal.com\/de\/vision-mission\/","name":"Vision & Mission - Sistem Aluminium","isPartOf":{"@id":"https:\/\/www.sistemal.com\/de\/#website"},"datePublished":"2022-03-04T11:39:40+00:00","dateModified":"2025-04-14T14:40:44+00:00","breadcrumb":{"@id":"https:\/\/www.sistemal.com\/de\/vision-mission\/#breadcrumb"},"inLanguage":"de","potentialAction":[{"@type":"ReadAction","target":["https:\/\/www.sistemal.com\/de\/vision-mission\/"]}]},{"@type":"BreadcrumbList","@id":"https:\/\/www.sistemal.com\/de\/vision-mission\/#breadcrumb","itemListElement":[{"@type":"ListItem","position":1,"name":"Startseite","item":"https:\/\/www.sistemal.com\/de\/"},{"@type":"ListItem","position":2,"name":"Vision &#038; Mission"}]},{"@type":"WebSite","@id":"https:\/\/www.sistemal.com\/de\/#website","url":"https:\/\/www.sistemal.com\/de\/","name":"Sistem Aluminium","description":"","potentialAction":[{"@type":"SearchAction","target":{"@type":"EntryPoint","urlTemplate":"https:\/\/www.sistemal.com\/de\/?s={search_term_string}"},"query-input":"required name=search_term_string"}],"inLanguage":"de"}]}},"_links":{"self":[{"href":"https:\/\/www.sistemal.com\/de\/wp-json\/wp\/v2\/pages\/7958"}],"collection":[{"href":"https:\/\/www.sistemal.com\/de\/wp-json\/wp\/v2\/pages"}],"about":[{"href":"https:\/\/www.sistemal.com\/de\/wp-json\/wp\/v2\/types\/page"}],"author":[{"embeddable":true,"href":"https:\/\/www.sistemal.com\/de\/wp-json\/wp\/v2\/users\/1"}],"replies":[{"embeddable":true,"href":"https:\/\/www.sistemal.com\/de\/wp-json\/wp\/v2\/comments?post=7958"}],"version-history":[{"count":26,"href":"https:\/\/www.sistemal.com\/de\/wp-json\/wp\/v2\/pages\/7958\/revisions"}],"predecessor-version":[{"id":11043,"href":"https:\/\/www.sistemal.com\/de\/wp-json\/wp\/v2\/pages\/7958\/revisions\/11043"}],"wp:featuredmedia":[{"embeddable":true,"href":"https:\/\/www.sistemal.com\/de\/wp-json\/wp\/v2\/media\/8423"}],"wp:attachment":[{"href":"https:\/\/www.sistemal.com\/de\/wp-json\/wp\/v2\/media?parent=7958"}],"curies":[{"name":"wp","href":"https:\/\/api.w.org\/{rel}","templated":true}]}}