{"id":7954,"date":"2022-03-04T14:39:04","date_gmt":"2022-03-04T11:39:04","guid":{"rendered":"http:\/\/www.sistemal.com\/de\/?page_id=7954"},"modified":"2025-09-08T15:17:43","modified_gmt":"2025-09-08T12:17:43","slug":"unternehmensprofil","status":"publish","type":"page","link":"https:\/\/www.sistemal.com\/de\/unternehmensprofil\/","title":{"rendered":"Unternehmensprofil"},"content":{"rendered":"<section class=\"l-section wpb_row height_auto\"><div class=\"l-section-h i-cf\"><div class=\"g-cols vc_row via_flex valign_top type_default stacking_default\"><div class=\"vc_col-sm-12 wpb_column vc_column_container\"><div class=\"vc_column-inner\"><div class=\"wpb_wrapper\"><div class=\"wpb_text_column\"><div class=\"wpb_wrapper\"><p>With 30 years of experience and an innovative vision, Sistem Al\u00fcminyum leads its sector from its production facilities located in Ergene, Tekirda\u011f, spanning a total area of 330,000 square meters, including 120,000 square meters of indoor space. As a fully integrated manufacturing hub, it houses all key operations from die production to aluminum billet casting, extrusion lines, electrostatic powder coating and anodizing facilities, wood effect coating, mechanical processing plant, and aluminum composite panel production lines.<\/p>\n<p>Sistem Al\u00fcminyum operates under two main product groups: aluminum extrusion profiles for architectural and industrial applications, and aluminum composite panels for fa\u00e7ade systems. Additionally, as of 2021, the company launched its Forging Aluminum Facility.<\/p>\n<p>Recognized for its export achievements, Sistem Al\u00fcminyum received first place awards in the \u201cAluminum Bars and Profiles\u201d category at the \u201cMetallic Stars of Export\u201d ceremonies organized by IDDMIB in 2018, 2019, 2020, 2022, and 2024, and secured second place in 2021,2023.<br \/>\nToday, the company exports to over 75 countries across 4 continents. Ranked 313th in the &#8218;Top 500 Industrial Enterprises of Turkey 2024 &#8218; list by the Istanbul Chamber of Industry, Sistem Al\u00fcminyum has an annual production capacity of 103,000 tons of aluminum profiles, serving industries such as construction, aerospace, marine, automotive, white goods, electrical, and energy.<\/p>\n<p>Sistem Al\u00fcminyum holds CE, TSE, QUALICOAT (for powder coating), and QUALANOD (for anodizing) certifications and was included in the state-supported Turquality Brand Support Program in 2024.<\/p>\n<p>The company also holds the following management system certifications:<\/p>\n<ul>\n<li>IATF 16949 Automotive Quality Management System<\/li>\n<li>AS 9100 Aerospace, Defense and Space Quality Management System<\/li>\n<li>ISO 9001 Quality Management System<\/li>\n<li>ISO 14001 Environmental Management System<\/li>\n<li>ISO 45001 Occupational Health and Safety Management System<\/li>\n<li>ISO 50001 Energy Management System<\/li>\n<li>ISO\/IEC 27001 Information Security Management System<\/li>\n<\/ul>\n<p>Sistem Al\u00fcminyum ensures product quality through CE, UKCA, and TSE certifications. Furthermore, the company commits to environmentally responsible production by ensuring that chemicals potentially containing heavy metals are used only within legal limits and in compliance with REACH and RoHS regulations. Upon customer request, QUALICOAT certificates for powder coating and QUALANOD certificates for anodizing applications are provided.<\/p>\n<p>With its Authorized Economic Operator (AEO) status, Sistem Al\u00fcminyum conducts its foreign trade operations in accordance with reliability and compliance principles.<\/p>\n<\/div><\/div><div class=\"w-separator size_small\"><\/div><div class=\"g-cols wpb_row via_flex valign_top type_default stacking_default\"><div class=\"vc_col-sm-6 wpb_column vc_column_container\"><div class=\"vc_column-inner\"><div class=\"wpb_wrapper\"><div class=\"w-video align_none ratio_3x2 has_iframe\"><div class=\"w-video-h\"><iframe title=\"Youtube video player\" src=\"\/\/www.youtube.com\/embed\/ylmVbqkl-Qw?autoplay=0&controls=1&origin=https:\/\/www.sistemal.com\/de&loop=0&mute=0\" allowfullscreen=\"1\" loading=\"lazy\"><\/iframe><\/div><div class=\"w-video-icon\" style=\"font-size:1.5rem;background:rgba(0,0,0,0.5);color:#fff\"><\/div><\/div><\/div><\/div><\/div><div class=\"vc_col-sm-6 wpb_column vc_column_container\"><div class=\"vc_column-inner\"><div class=\"wpb_wrapper\"><div class=\"wpb_text_column\"><div class=\"wpb_wrapper\"><h6>Ihr vollst\u00e4ndig integrierter L\u00f6sungspartner f\u00fcr Aluminium<\/h6>\n<\/div><\/div><div class=\"w-separator size_custom\" style=\"height:10px\"><\/div><div class=\"wpb_text_column us_custom_1ab10aef\"><div class=\"wpb_wrapper\"><p>Sistem Al\u00fcminyum ist ein f\u00fchrendes Unternehmen, das f\u00fcr seine innovativen und hochwertigen Aluminiumprofile bekannt ist. Mit jahrelanger Erfahrung und Fachwissen bietet es seinen Kunden \u00e4sthetische und langlebige L\u00f6sungen. Mit seinen verschiedenen Aluminiumprodukten f\u00fcr architektonische Strukturen, die Automobilindustrie und industrielle Anwendungen sticht das Unternehmen in der Branche hervor. Mit technischer Pr\u00e4zision hergestellte Produkte, kombiniert mit modernem Designverst\u00e4ndnis und Technologie, maximieren die Kundenzufriedenheit.<\/p>\n<\/div><\/div><div class=\"w-separator size_custom\" style=\"height:20px\"><\/div><div class=\"w-btn-wrapper align_justify\"><a class=\"w-btn us-btn-style_28\" target=\"_blank\" rel=\"nofollow\" href=\"https:\/\/www.sistemal.com\/de\/wp-content\/uploads\/2025\/09\/sirket-tanitim-katalogu-ic-sayfalar-dijital-300625.pdf\"><span class=\"w-btn-label\">Katalog zur Unternehmensf\u00f6rderung<\/span><\/a><\/div><\/div><\/div><\/div><\/div><\/div><\/div><\/div><\/div><\/div><\/section>\n","protected":false},"excerpt":{"rendered":"With 30 years of experience and an innovative vision, Sistem Al\u00fcminyum leads its sector from its production facilities located in Ergene, Tekirda\u011f, spanning a total area of 330,000 square meters, including 120,000 square meters of indoor space. As a fully integrated manufacturing hub, it houses all key operations from die production to aluminum billet casting,...","protected":false},"author":1,"featured_media":8421,"parent":0,"menu_order":0,"comment_status":"closed","ping_status":"closed","template":"","meta":{"_acf_changed":false,"footnotes":""},"class_list":["post-7954","page","type-page","status-publish","has-post-thumbnail","hentry"],"acf":[],"yoast_head":"<!-- This site is optimized with the Yoast SEO plugin v20.5 - https:\/\/yoast.com\/wordpress\/plugins\/seo\/ -->\n<title>Unternehmensprofil - Sistem Aluminium<\/title>\n<meta name=\"robots\" content=\"index, follow, max-snippet:-1, max-image-preview:large, max-video-preview:-1\" \/>\n<link rel=\"canonical\" href=\"https:\/\/www.sistemal.com\/de\/unternehmensprofil\/\" \/>\n<meta property=\"og:locale\" content=\"de_DE\" \/>\n<meta property=\"og:type\" content=\"article\" \/>\n<meta property=\"og:title\" content=\"Unternehmensprofil - Sistem Aluminium\" \/>\n<meta property=\"og:url\" content=\"https:\/\/www.sistemal.com\/de\/unternehmensprofil\/\" \/>\n<meta property=\"og:site_name\" content=\"Sistem Aluminium\" \/>\n<meta property=\"article:modified_time\" content=\"2025-09-08T12:17:43+00:00\" \/>\n<meta property=\"og:image\" content=\"https:\/\/www.sistemal.com\/de\/wp-content\/uploads\/2022\/03\/4ba474508ad929775f5cb4bee1411cef-1595515885135-scaled.jpg\" \/>\n\t<meta property=\"og:image:width\" content=\"2560\" \/>\n\t<meta property=\"og:image:height\" content=\"896\" \/>\n\t<meta property=\"og:image:type\" content=\"image\/jpeg\" \/>\n<meta name=\"twitter:card\" content=\"summary_large_image\" \/>\n<meta name=\"twitter:label1\" content=\"Gesch\u00e4tzte Lesezeit\" \/>\n\t<meta name=\"twitter:data1\" content=\"4\u00a0Minuten\" \/>\n<script type=\"application\/ld+json\" class=\"yoast-schema-graph\">{\"@context\":\"https:\/\/schema.org\",\"@graph\":[{\"@type\":\"WebPage\",\"@id\":\"https:\/\/www.sistemal.com\/de\/unternehmensprofil\/\",\"url\":\"https:\/\/www.sistemal.com\/de\/unternehmensprofil\/\",\"name\":\"Unternehmensprofil - Sistem Aluminium\",\"isPartOf\":{\"@id\":\"https:\/\/www.sistemal.com\/de\/#website\"},\"datePublished\":\"2022-03-04T11:39:04+00:00\",\"dateModified\":\"2025-09-08T12:17:43+00:00\",\"breadcrumb\":{\"@id\":\"https:\/\/www.sistemal.com\/de\/unternehmensprofil\/#breadcrumb\"},\"inLanguage\":\"de\",\"potentialAction\":[{\"@type\":\"ReadAction\",\"target\":[\"https:\/\/www.sistemal.com\/de\/unternehmensprofil\/\"]}]},{\"@type\":\"BreadcrumbList\",\"@id\":\"https:\/\/www.sistemal.com\/de\/unternehmensprofil\/#breadcrumb\",\"itemListElement\":[{\"@type\":\"ListItem\",\"position\":1,\"name\":\"Startseite\",\"item\":\"https:\/\/www.sistemal.com\/de\/\"},{\"@type\":\"ListItem\",\"position\":2,\"name\":\"Unternehmensprofil\"}]},{\"@type\":\"WebSite\",\"@id\":\"https:\/\/www.sistemal.com\/de\/#website\",\"url\":\"https:\/\/www.sistemal.com\/de\/\",\"name\":\"Sistem Aluminium\",\"description\":\"\",\"potentialAction\":[{\"@type\":\"SearchAction\",\"target\":{\"@type\":\"EntryPoint\",\"urlTemplate\":\"https:\/\/www.sistemal.com\/de\/?s={search_term_string}\"},\"query-input\":\"required name=search_term_string\"}],\"inLanguage\":\"de\"}]}<\/script>\n<!-- \/ Yoast SEO plugin. -->","yoast_head_json":{"title":"Unternehmensprofil - Sistem Aluminium","robots":{"index":"index","follow":"follow","max-snippet":"max-snippet:-1","max-image-preview":"max-image-preview:large","max-video-preview":"max-video-preview:-1"},"canonical":"https:\/\/www.sistemal.com\/de\/unternehmensprofil\/","og_locale":"de_DE","og_type":"article","og_title":"Unternehmensprofil - Sistem Aluminium","og_url":"https:\/\/www.sistemal.com\/de\/unternehmensprofil\/","og_site_name":"Sistem Aluminium","article_modified_time":"2025-09-08T12:17:43+00:00","og_image":[{"width":2560,"height":896,"url":"https:\/\/www.sistemal.com\/de\/wp-content\/uploads\/2022\/03\/4ba474508ad929775f5cb4bee1411cef-1595515885135-scaled.jpg","type":"image\/jpeg"}],"twitter_card":"summary_large_image","twitter_misc":{"Gesch\u00e4tzte Lesezeit":"4\u00a0Minuten"},"schema":{"@context":"https:\/\/schema.org","@graph":[{"@type":"WebPage","@id":"https:\/\/www.sistemal.com\/de\/unternehmensprofil\/","url":"https:\/\/www.sistemal.com\/de\/unternehmensprofil\/","name":"Unternehmensprofil - Sistem Aluminium","isPartOf":{"@id":"https:\/\/www.sistemal.com\/de\/#website"},"datePublished":"2022-03-04T11:39:04+00:00","dateModified":"2025-09-08T12:17:43+00:00","breadcrumb":{"@id":"https:\/\/www.sistemal.com\/de\/unternehmensprofil\/#breadcrumb"},"inLanguage":"de","potentialAction":[{"@type":"ReadAction","target":["https:\/\/www.sistemal.com\/de\/unternehmensprofil\/"]}]},{"@type":"BreadcrumbList","@id":"https:\/\/www.sistemal.com\/de\/unternehmensprofil\/#breadcrumb","itemListElement":[{"@type":"ListItem","position":1,"name":"Startseite","item":"https:\/\/www.sistemal.com\/de\/"},{"@type":"ListItem","position":2,"name":"Unternehmensprofil"}]},{"@type":"WebSite","@id":"https:\/\/www.sistemal.com\/de\/#website","url":"https:\/\/www.sistemal.com\/de\/","name":"Sistem Aluminium","description":"","potentialAction":[{"@type":"SearchAction","target":{"@type":"EntryPoint","urlTemplate":"https:\/\/www.sistemal.com\/de\/?s={search_term_string}"},"query-input":"required name=search_term_string"}],"inLanguage":"de"}]}},"_links":{"self":[{"href":"https:\/\/www.sistemal.com\/de\/wp-json\/wp\/v2\/pages\/7954"}],"collection":[{"href":"https:\/\/www.sistemal.com\/de\/wp-json\/wp\/v2\/pages"}],"about":[{"href":"https:\/\/www.sistemal.com\/de\/wp-json\/wp\/v2\/types\/page"}],"author":[{"embeddable":true,"href":"https:\/\/www.sistemal.com\/de\/wp-json\/wp\/v2\/users\/1"}],"replies":[{"embeddable":true,"href":"https:\/\/www.sistemal.com\/de\/wp-json\/wp\/v2\/comments?post=7954"}],"version-history":[{"count":62,"href":"https:\/\/www.sistemal.com\/de\/wp-json\/wp\/v2\/pages\/7954\/revisions"}],"predecessor-version":[{"id":11334,"href":"https:\/\/www.sistemal.com\/de\/wp-json\/wp\/v2\/pages\/7954\/revisions\/11334"}],"wp:featuredmedia":[{"embeddable":true,"href":"https:\/\/www.sistemal.com\/de\/wp-json\/wp\/v2\/media\/8421"}],"wp:attachment":[{"href":"https:\/\/www.sistemal.com\/de\/wp-json\/wp\/v2\/media?parent=7954"}],"curies":[{"name":"wp","href":"https:\/\/api.w.org\/{rel}","templated":true}]}}